{"id":22,"date":"2017-02-20T17:47:54","date_gmt":"2017-02-20T17:47:54","guid":{"rendered":"http:\/\/rwandanwomencan.org\/?page_id=22"},"modified":"2018-02-26T15:02:15","modified_gmt":"2018-02-26T15:02:15","slug":"mission-vision","status":"publish","type":"page","link":"http:\/\/rwandanwomencan.org\/fr\/who-we-are\/mission-vision\/","title":{"rendered":"Mission &#038; Vision"},"content":{"rendered":"<p><img loading=\"lazy\" decoding=\"async\" class=\"alignnone wp-image-93 size-full\" src=\"http:\/\/rwandanwomencan.org\/wp-content\/uploads\/2017\/02\/mission.jpg\" width=\"595\" height=\"312\" srcset=\"http:\/\/rwandanwomencan.org\/wp-content\/uploads\/2017\/02\/mission.jpg 595w, http:\/\/rwandanwomencan.org\/wp-content\/uploads\/2017\/02\/mission-300x157.jpg 300w\" sizes=\"auto, (max-width: 595px) 100vw, 595px\" \/><\/p>\n<p><strong><em>\u201cTubahumurize\u201d<\/em>\u00a0est un mot Kinyarwanda qui signifie \u201c<i>Consolez-nous et donnez-nous de l&rsquo;espoir<\/i>.\u201d<\/strong><\/p>\n<p>(Vous pouvez <a href=\"http:\/\/rwandanwomencan.org\/fr\/who-we-are\/pronouncing-tubahumurize\/\">apprendre \u00e0 prononcer ce mot \u00e0 la signification importante ici<\/a>.)<strong><br \/>\n<\/strong><\/p>\n<h3>Mission<\/h3>\n<p>Supporter et habiliter les femmes vivant au Rwanda victimes de violence et de marginalisation en leur donnant acc\u00e8s \u00e0 des services essentiels allant de la th\u00e9rapie du traumatisme \u00e0 l&rsquo;\u00e9ducation en passant par les formations professionnelles ainsi que des opportunit\u00e9s d&rsquo;obtenir l&rsquo;autonomie \u00e9conomique.<\/p>\n<h3>Vision<\/h3>\n<p>\u00c0 Tubahumurize, nous croyons en un monde dans lequel <em>Rwandan Women Can<\/em> et nous-m\u00eames ne rel\u00e2cherons pas nos efforts tant que:<\/p>\n<ul>\n<li>Toutes les femmes Rwandaises ne sont pas sauves, saines, int\u00e9gr\u00e9es socialement et \u00e9conomiquement habilit\u00e9es<\/li>\n<li>Les cycles sociaux de la violence sexistes ne sont pas bris\u00e9s<\/li>\n<li>Les voix des femmes et des enfants Rwandaises ne sont pas encourag\u00e9es au lieu d&rsquo;\u00eatre r\u00e9prim\u00e9es<\/li>\n<\/ul>\n<p>Veuillez explorer les sections\u00a0<a href=\"http:\/\/rwandanwomencan.org\/fr\/sample-page\/\">Actualit\u00e9s et \u00c9v\u00e9nements<\/a> et <a href=\"http:\/\/rwandanwomencan.org\/fr\/sample-page\/press-coverage\/\">Couverture M\u00e9diatique R\u00e9cente<\/a>\u00a0pour apprendre d&rsquo;avantage sur notre mission, vision, et approche.<\/p>\n","protected":false},"excerpt":{"rendered":"<p>\u201cTubahumurize\u201d\u00a0est un mot Kinyarwanda qui signifie \u201cConsolez-nous et donnez-nous de l&rsquo;espoir.\u201d (Vous pouvez apprendre \u00e0 prononcer ce mot \u00e0 la signification importante ici.) Mission Supporter et habiliter les femmes vivant au Rwanda victimes de violence et de marginalisation en leur donnant acc\u00e8s \u00e0 des services essentiels allant de la th\u00e9rapie du traumatisme \u00e0 l&rsquo;\u00e9ducation en <a href=\"http:\/\/rwandanwomencan.org\/fr\/who-we-are\/mission-vision\/\" rel=\"nofollow\"><span class=\"sr-only\">En savoir plus surMission &#038; Vision<\/span>[&hellip;]<\/a><\/p>\n","protected":false},"author":1,"featured_media":0,"parent":20,"menu_order":0,"comment_status":"closed","ping_status":"closed","template":"","meta":{"_monsterinsights_skip_tracking":false,"_monsterinsights_sitenote_active":false,"_monsterinsights_sitenote_note":"","_monsterinsights_sitenote_category":0,"footnotes":""},"class_list":["post-22","page","type-page","status-publish","hentry"],"translation":{"provider":"WPGlobus","version":"3.0.0","language":"fr","enabled_languages":["en","fr","rw"],"languages":{"en":{"title":true,"content":true,"excerpt":false},"fr":{"title":true,"content":true,"excerpt":false},"rw":{"title":true,"content":true,"excerpt":false}}},"aioseo_notices":[],"_links":{"self":[{"href":"http:\/\/rwandanwomencan.org\/fr\/wp-json\/wp\/v2\/pages\/22","targetHints":{"allow":["GET"]}}],"collection":[{"href":"http:\/\/rwandanwomencan.org\/fr\/wp-json\/wp\/v2\/pages"}],"about":[{"href":"http:\/\/rwandanwomencan.org\/fr\/wp-json\/wp\/v2\/types\/page"}],"author":[{"embeddable":true,"href":"http:\/\/rwandanwomencan.org\/fr\/wp-json\/wp\/v2\/users\/1"}],"replies":[{"embeddable":true,"href":"http:\/\/rwandanwomencan.org\/fr\/wp-json\/wp\/v2\/comments?post=22"}],"version-history":[{"count":16,"href":"http:\/\/rwandanwomencan.org\/fr\/wp-json\/wp\/v2\/pages\/22\/revisions"}],"predecessor-version":[{"id":320,"href":"http:\/\/rwandanwomencan.org\/fr\/wp-json\/wp\/v2\/pages\/22\/revisions\/320"}],"up":[{"embeddable":true,"href":"http:\/\/rwandanwomencan.org\/fr\/wp-json\/wp\/v2\/pages\/20"}],"wp:attachment":[{"href":"http:\/\/rwandanwomencan.org\/fr\/wp-json\/wp\/v2\/media?parent=22"}],"curies":[{"name":"wp","href":"https:\/\/api.w.org\/{rel}","templated":true}]}}