{"id":24,"date":"2017-02-20T17:48:26","date_gmt":"2017-02-20T17:48:26","guid":{"rendered":"http:\/\/rwandanwomencan.org\/?page_id=24"},"modified":"2017-07-12T11:33:05","modified_gmt":"2017-07-12T11:33:05","slug":"education","status":"publish","type":"page","link":"http:\/\/rwandanwomencan.org\/fr\/who-we-are\/education\/","title":{"rendered":"\u00c9ducation"},"content":{"rendered":"<p><img loading=\"lazy\" decoding=\"async\" class=\"size-medium wp-image-117 alignleft\" src=\"http:\/\/rwandanwomencan.org\/wp-content\/uploads\/2017\/02\/Ruanda-3-50-300x225-300x225.jpg\" alt=\"\" width=\"300\" height=\"225\" srcset=\"http:\/\/rwandanwomencan.org\/wp-content\/uploads\/2017\/02\/Ruanda-3-50-300x225.jpg 300w, http:\/\/rwandanwomencan.org\/wp-content\/uploads\/2017\/02\/Ruanda-3-50-300x225-285x214.jpg 285w\" sizes=\"auto, (max-width: 300px) 100vw, 300px\" \/>Parmi les programmes d&rsquo;\u00e9ducation fourni r\u00e9guli\u00e8rement par Tubahumurize sont des formations des sujets vari\u00e9s sur des questions d&rsquo;une importance cruciale pour nos b\u00e9n\u00e9ficiaires.<\/p>\n<p>FORMATIONS D&rsquo;HABILIT\u00c9S FONDAMENTALES &amp; L&rsquo;\u00c9DUCATION AUX DROITS DE LA PERSONNE\/L&rsquo;\u00c9GALIT\u00c9 DES SEXES<\/p>\n<p>Les ateliers sur des sujets associ\u00e9s avec les habilit\u00e9s de la vie et les droits des personnes qui sont pertinent pour les b\u00e9n\u00e9ficiaires sont r\u00e9guli\u00e8rement organis\u00e9s au Centre. Parmi les titres des formations r\u00e9cents sont:<\/p>\n<p>\u2013\u00a0La gestion financi\u00e8re et le\u00a0montage d&rsquo;une petite\u00a0entrepris<br \/>\n\u2013 L&rsquo;entrepreneuriat f\u00e9minin<br \/>\n\u2013 Les femmes et la valeur des travaux non r\u00e9num\u00e9r\u00e9s<br \/>\n\u2013\u00a0Les femmes et la guerre<br \/>\n\u2013 Les droits l\u00e9gales et les obligations associ\u00e9s avec le mariage<br \/>\n\u2013 Le r\u00f4le des femmes dans les \u00e9lections d\u00e9mocratiques<br \/>\n\u2013 La violence domestique et nos droits en tant que des femmes<br \/>\n\u2013 L&rsquo;anglais pour d\u00e9butants<\/p>\n<p>L&rsquo;\u00c9DUCATION DE LA SANT\u00c9 PHYSIQUE ET MENTALE<\/p>\n<p>Tubahumurize anime \u00e9galement des formations d&rsquo;\u00e9ducation qui fournissent d&rsquo;information et des strat\u00e9gies pour soutenir la sant\u00e9 physique et mentale dans les domaines qui concernent nos b\u00e9n\u00e9ficiaires.\u00a0Parmi les titres des formations r\u00e9cents sont:<\/p>\n<p>\u2013 Vivre avec le VIH\/SIDA<br \/>\n\u2013 L&rsquo;hygi\u00e8ne f\u00e9minine<br \/>\n\u2013 Les rudiments de la f\u00e9condit\u00e9<br \/>\n\u2013 Les rudiments de la nutrition<br \/>\n\u2013 Le traumatisme et la gestion du stress<br \/>\n\u2013 L&rsquo;\u00e9ducation pr\u00e9scolaire des petits enfants dans la maison<\/p>\n","protected":false},"excerpt":{"rendered":"<p>Parmi les programmes d&rsquo;\u00e9ducation fourni r\u00e9guli\u00e8rement par Tubahumurize sont des formations des sujets vari\u00e9s sur des questions d&rsquo;une importance cruciale pour nos b\u00e9n\u00e9ficiaires. FORMATIONS D&rsquo;HABILIT\u00c9S FONDAMENTALES &amp; L&rsquo;\u00c9DUCATION AUX DROITS DE LA PERSONNE\/L&rsquo;\u00c9GALIT\u00c9 DES SEXES Les ateliers sur des sujets associ\u00e9s avec les habilit\u00e9s de la vie et les droits des personnes qui sont pertinent <a href=\"http:\/\/rwandanwomencan.org\/fr\/who-we-are\/education\/\" rel=\"nofollow\"><span class=\"sr-only\">En savoir plus sur\u00c9ducation<\/span>[&hellip;]<\/a><\/p>\n","protected":false},"author":1,"featured_media":0,"parent":20,"menu_order":0,"comment_status":"closed","ping_status":"closed","template":"","meta":{"_monsterinsights_skip_tracking":false,"_monsterinsights_sitenote_active":false,"_monsterinsights_sitenote_note":"","_monsterinsights_sitenote_category":0,"footnotes":""},"class_list":["post-24","page","type-page","status-publish","hentry"],"translation":{"provider":"WPGlobus","version":"3.0.0","language":"fr","enabled_languages":["en","fr","rw"],"languages":{"en":{"title":true,"content":true,"excerpt":false},"fr":{"title":true,"content":true,"excerpt":false},"rw":{"title":true,"content":true,"excerpt":false}}},"aioseo_notices":[],"_links":{"self":[{"href":"http:\/\/rwandanwomencan.org\/fr\/wp-json\/wp\/v2\/pages\/24","targetHints":{"allow":["GET"]}}],"collection":[{"href":"http:\/\/rwandanwomencan.org\/fr\/wp-json\/wp\/v2\/pages"}],"about":[{"href":"http:\/\/rwandanwomencan.org\/fr\/wp-json\/wp\/v2\/types\/page"}],"author":[{"embeddable":true,"href":"http:\/\/rwandanwomencan.org\/fr\/wp-json\/wp\/v2\/users\/1"}],"replies":[{"embeddable":true,"href":"http:\/\/rwandanwomencan.org\/fr\/wp-json\/wp\/v2\/comments?post=24"}],"version-history":[{"count":6,"href":"http:\/\/rwandanwomencan.org\/fr\/wp-json\/wp\/v2\/pages\/24\/revisions"}],"predecessor-version":[{"id":329,"href":"http:\/\/rwandanwomencan.org\/fr\/wp-json\/wp\/v2\/pages\/24\/revisions\/329"}],"up":[{"embeddable":true,"href":"http:\/\/rwandanwomencan.org\/fr\/wp-json\/wp\/v2\/pages\/20"}],"wp:attachment":[{"href":"http:\/\/rwandanwomencan.org\/fr\/wp-json\/wp\/v2\/media?parent=24"}],"curies":[{"name":"wp","href":"https:\/\/api.w.org\/{rel}","templated":true}]}}