{"id":26,"date":"2017-02-20T17:50:25","date_gmt":"2017-02-20T17:50:25","guid":{"rendered":"http:\/\/rwandanwomencan.org\/?page_id=26"},"modified":"2018-03-01T07:28:57","modified_gmt":"2018-03-01T07:28:57","slug":"beneficiaries","status":"publish","type":"page","link":"http:\/\/rwandanwomencan.org\/fr\/who-we-are\/beneficiaries\/","title":{"rendered":"B\u00e9n\u00e9ficiaires"},"content":{"rendered":"<p><img loading=\"lazy\" decoding=\"async\" class=\"alignnone wp-image-99 size-large\" src=\"http:\/\/rwandanwomencan.org\/wp-content\/uploads\/2017\/02\/IMG_3045-e1459175791340-1024x380.jpg\" width=\"640\" height=\"238\" srcset=\"http:\/\/rwandanwomencan.org\/wp-content\/uploads\/2017\/02\/IMG_3045-e1459175791340-1024x380.jpg 1024w, http:\/\/rwandanwomencan.org\/wp-content\/uploads\/2017\/02\/IMG_3045-e1459175791340-300x111.jpg 300w, http:\/\/rwandanwomencan.org\/wp-content\/uploads\/2017\/02\/IMG_3045-e1459175791340-768x285.jpg 768w, http:\/\/rwandanwomencan.org\/wp-content\/uploads\/2017\/02\/IMG_3045-e1459175791340.jpg 1276w\" sizes=\"auto, (max-width: 640px) 100vw, 640px\" \/><\/p>\n<p>L&rsquo;Association Tubahumurize est au service des survivants de violence et des femmes vuln\u00e9rables marginalis\u00e9es \u00e9conomiquement et socialement au Rwanda.<\/p>\n<ul>\n<li>Les survivants du g\u00e9nocide<\/li>\n<li>Victimes de violences<\/li>\n<li>Les femmes vivant avec le VIH\/SIDA et d&rsquo;autres maladies graves<\/li>\n<li>Les m\u00e8res c\u00e9libataires, les grand-m\u00e8res et les filles orphelines \u00e0 la t\u00eate de leur foyer<\/li>\n<li>Les veuves<\/li>\n<\/ul>\n<p>Malheureusement, <strong>la majorit\u00e9 de nos b\u00e9n\u00e9ficiaires tombent dans plusieurs de ces cat\u00e9gories<\/strong>. La plupart des\u00a0b\u00e9n\u00e9ficiaires sont des survivantes de violences f\u00e9minines, soit pendant le g\u00e9nocide, soit de violences domestiques, parfois les deux.<\/p>\n<p>L&rsquo;organisation est aussi indirectement au service des enfants, incluant les orphelins (du g\u00e9nocide ou malades du SIDA) ou d&rsquo;autres enfants d\u00e9pendants \u00e0 cause d&rsquo;une maladie ou de leur jeune \u00e2ge.<\/p>\n<p><strong>D\u00e8s sa naissance en 2006, Tubahumurize a directement aid\u00e9 plus de 1000 femmes Rwandaises avec ses programmes, et indirectement plus de 1500 enfants.<\/strong><\/p>\n<p>A cette date nous aidons environ 450 femmes, et autour de 1,050 enfants d\u00e9pendants.<\/p>\n","protected":false},"excerpt":{"rendered":"<p>L&rsquo;Association Tubahumurize est au service des survivants de violence et des femmes vuln\u00e9rables marginalis\u00e9es \u00e9conomiquement et socialement au Rwanda. Les survivants du g\u00e9nocide Victimes de violences Les femmes vivant avec le VIH\/SIDA et d&rsquo;autres maladies graves Les m\u00e8res c\u00e9libataires, les grand-m\u00e8res et les filles orphelines \u00e0 la t\u00eate de leur foyer Les veuves Malheureusement, la <a href=\"http:\/\/rwandanwomencan.org\/fr\/who-we-are\/beneficiaries\/\" rel=\"nofollow\"><span class=\"sr-only\">En savoir plus surB\u00e9n\u00e9ficiaires<\/span>[&hellip;]<\/a><\/p>\n","protected":false},"author":1,"featured_media":0,"parent":20,"menu_order":0,"comment_status":"closed","ping_status":"closed","template":"","meta":{"_monsterinsights_skip_tracking":false,"_monsterinsights_sitenote_active":false,"_monsterinsights_sitenote_note":"","_monsterinsights_sitenote_category":0,"footnotes":""},"class_list":["post-26","page","type-page","status-publish","hentry"],"translation":{"provider":"WPGlobus","version":"3.0.0","language":"fr","enabled_languages":["en","fr","rw"],"languages":{"en":{"title":true,"content":true,"excerpt":false},"fr":{"title":true,"content":true,"excerpt":false},"rw":{"title":true,"content":true,"excerpt":false}}},"aioseo_notices":[],"_links":{"self":[{"href":"http:\/\/rwandanwomencan.org\/fr\/wp-json\/wp\/v2\/pages\/26","targetHints":{"allow":["GET"]}}],"collection":[{"href":"http:\/\/rwandanwomencan.org\/fr\/wp-json\/wp\/v2\/pages"}],"about":[{"href":"http:\/\/rwandanwomencan.org\/fr\/wp-json\/wp\/v2\/types\/page"}],"author":[{"embeddable":true,"href":"http:\/\/rwandanwomencan.org\/fr\/wp-json\/wp\/v2\/users\/1"}],"replies":[{"embeddable":true,"href":"http:\/\/rwandanwomencan.org\/fr\/wp-json\/wp\/v2\/comments?post=26"}],"version-history":[{"count":7,"href":"http:\/\/rwandanwomencan.org\/fr\/wp-json\/wp\/v2\/pages\/26\/revisions"}],"predecessor-version":[{"id":979,"href":"http:\/\/rwandanwomencan.org\/fr\/wp-json\/wp\/v2\/pages\/26\/revisions\/979"}],"up":[{"embeddable":true,"href":"http:\/\/rwandanwomencan.org\/fr\/wp-json\/wp\/v2\/pages\/20"}],"wp:attachment":[{"href":"http:\/\/rwandanwomencan.org\/fr\/wp-json\/wp\/v2\/media?parent=26"}],"curies":[{"name":"wp","href":"https:\/\/api.w.org\/{rel}","templated":true}]}}