{"id":28,"date":"2017-02-20T17:51:04","date_gmt":"2017-02-20T17:51:04","guid":{"rendered":"http:\/\/rwandanwomencan.org\/?page_id=28"},"modified":"2019-05-09T20:36:36","modified_gmt":"2019-05-09T20:36:36","slug":"staff-board","status":"publish","type":"page","link":"http:\/\/rwandanwomencan.org\/fr\/who-we-are\/staff-board\/","title":{"rendered":"Personnel &#038; Membres du Conseil"},"content":{"rendered":"<p><strong><img loading=\"lazy\" decoding=\"async\" class=\"size-medium wp-image-103 alignleft\" src=\"http:\/\/rwandanwomencan.org\/wp-content\/uploads\/2017\/02\/Tubahumarize-44-200x300-200x300.jpg\" alt=\"\" width=\"200\" height=\"300\" \/>Jeanne Mwiliriza<br \/>\nFondatrice &#038; Coordinatrice des Programmes<\/strong><br \/>\nCouriel:\u00a0<a href=\"mailto:tubahumurize@yahoo.fr\">tubahumurize@yahoo.fr<br \/>\n<\/a>Tel: +250 788 520 874<a href=\"mailto:tubahumurize@yahoo.fr\"><br \/>\n<\/a><\/p>\n<p>Apr\u00e8s le g\u00e9nocide de 1994 de presque un million de personnes, incluant son \u00e9poux, Jeanne Mwiliriza a commenc\u00e9 a organiser des r\u00e9unions r\u00e9guli\u00e8res de femmes survivantes pour partager leurs histoires et leurs difficult\u00e9s dans le but de se soutenir mutuellement. En 2006, Jeanne fonde l&rsquo;Association Tubahumurize et aujourd&rsquo;hui, elle coordonne tous nos programmes. Jeanne a un dipl\u00f4me en Sociologie de l&rsquo;Universit\u00e9 du Rwanda, un certificat en micro-finance du Bangladesh, et a obtenu plusieurs certificats en consultation psychologique pour le traumatisme au Rwanda. Le d\u00e9veloppement continuel de l&rsquo;Association est ce qui l&rsquo;anime et elle travaille pour stimuler, renforcer et diversifier les types de formations professionnelles fournis par l&rsquo;Association. En 2015 Jeanne a re\u00e7u le\u00a0\u00ab Women of Courage Award \u00bb de l&rsquo;ambassade des \u00c9tats Unis. Son r\u00eave ultime est d&rsquo;\u00e9tablir le premier refuge \u00e0 destination des femmes an Rwanda.<\/p>\n<p><strong><img loading=\"lazy\" decoding=\"async\" class=\"size-medium wp-image-104 alignleft\" src=\"http:\/\/rwandanwomencan.org\/wp-content\/uploads\/2017\/02\/Tubahumarize-65-200x300-200x300.jpg\" alt=\"\" width=\"200\" height=\"300\" \/>Charlotte Karikwera<\/strong><\/p>\n<p><strong>Psychologue de traumatisme<\/strong><\/p>\n<p>Avant le g\u00e9nocide, Charlotte travaillait comme enseignante \u00e0 l&rsquo;\u00e9cole primaire pour les enfants sourds et muets \u00e0 Kigali. Apr\u00e8s le g\u00e9nocide, elle travaille pour r\u00e9unir les familles avec <em>Save the Children<\/em> jusqu&rsquo;en 1999, quand elle est recrut\u00e9e pour devenir conseill\u00e8re en traumatisme. En 2007, Charlotte a saisi l&rsquo;opportunit\u00e9 de devenir un psychologue clinicienne dipl\u00f4m\u00e9e. Elle passe quatre ans \u00e0 l&rsquo;Institut de l&rsquo;Agriculture, Technologie, et d&rsquo;\u00c9ducation de Kibungo. Charlotte a obtenu plusieurs certificats en consultation psychologique pour le traumatisme et en supervision. Bien que Charlotte ait jou\u00e9 un r\u00f4le d\u00e9terminant dans les activit\u00e9s de Tubahumurize d\u00e8s notre cr\u00e9ation, elle s&rsquo;est jointe \u00e0 notre \u00e9quipe \u00e0 temps plein en 2014.<\/p>\n<p><strong><br \/>\n<img loading=\"lazy\" decoding=\"async\" class=\"size-medium wp-image-105 alignleft\" src=\"http:\/\/rwandanwomencan.org\/wp-content\/uploads\/2017\/02\/Tubahumarize-77-200x300-200x300.jpg\" alt=\"\" width=\"200\" height=\"300\" \/>Shema Valentin Butera<\/strong><\/p>\n<p><strong>Directeur des Op\u00e9rations<\/strong><\/p>\n<p>Tel: +250 788 428 580<\/p>\n<p>&nbsp;<\/p>\n<p>&nbsp;<\/p>\n<p>&nbsp;<\/p>\n<p>&nbsp;<\/p>\n<p>&nbsp;<\/p>\n<p><strong><br \/>\n<img loading=\"lazy\" decoding=\"async\" class=\"size-full wp-image-106 alignleft\" src=\"http:\/\/rwandanwomencan.org\/wp-content\/uploads\/2017\/02\/clemetine.jpg\" alt=\"\" width=\"200\" height=\"293\" \/>Clementine Mukamazimpaka<\/strong><\/p>\n<p><strong>Instructrice de couture, Coop\u00e9rative\u00a0Tubahumurize\u00a0<\/strong><\/p>\n<p>&nbsp;<\/p>\n<p>&nbsp;<\/p>\n<p>&nbsp;<\/p>\n<p>&nbsp;<\/p>\n<p>&nbsp;<\/p>\n<p>&nbsp;<\/p>\n<p>&nbsp;<\/p>\n<p><strong><img loading=\"lazy\" decoding=\"async\" class=\" wp-image-107 alignleft\" src=\"http:\/\/rwandanwomencan.org\/wp-content\/uploads\/2017\/02\/Epiphanie-198x300-198x300.jpg\" alt=\"\" width=\"172\" height=\"261\" \/>Epiphanie Nibyobyiza<br \/>\nInstructrice de couture,\u00a0l&rsquo;\u00c9cole de Couture et Broderie Tubahumurize<\/strong><\/p>\n<p>&nbsp;<\/p>\n<p>&nbsp;<\/p>\n<p>&nbsp;<\/p>\n<p>&nbsp;<\/p>\n<p>&nbsp;<\/p>\n<p>&nbsp;<\/p>\n<p><img loading=\"lazy\" decoding=\"async\" class=\"size-medium wp-image-108 alignleft\" src=\"http:\/\/rwandanwomencan.org\/wp-content\/uploads\/2017\/02\/Donate-200x300-200x300.jpg\" alt=\"\" width=\"200\" height=\"300\" \/><\/p>\n<p><strong><br \/>\nDonatha Uwimana<br \/>\nInstructrice de broderie,\u00a0l&rsquo;\u00c9cole de Couture et Broderie Tubahumurize<br \/>\n<\/strong><\/p>\n<h3><\/h3>\n<h3><\/h3>\n<h3><\/h3>\n<h3><\/h3>\n<h3><\/h3>\n<h3>Tubahumurize Association Board of Directors<\/h3>\n<p><strong>Jeanne Mwiriliza<br \/>\n<\/strong>Directrice Executive<br \/>\n<a href=\"mailto:tubahumurize@yahoo.fr\">tubahumurize@yahoo.fr<\/a><\/p>\n<p><strong>Hilda Ingabire<br \/>\n<\/strong>Deuxi\u00e8me en commande<\/p>\n<p><strong>Donat Munyaneza<\/strong><br \/>\nTr\u00e9sori\u00e8re<\/p>\n<p><strong>Antoinette Uwanyirigira<\/strong><br \/>\nSecr\u00e9taire<\/p>\n<p><strong>L\u00e9opold Hategekimana<\/strong><br \/>\nConseiller<\/p>\n<p><strong>Aaron Mugemera<\/strong><br \/>\nConseiller<\/p>\n<p><strong>L\u00e9onie Nibagwire<\/strong><br \/>\nConseill\u00e8re<\/p>\n<p><strong>Julienne Nishimwe<\/strong><br \/>\nConseill\u00e8re<\/p>\n<p><strong>Simone Hanchet<\/strong><br \/>\nConseill\u00e8re, responsable pour le Canada et les b\u00e9n\u00e9voles<br \/>\n<a href=\"mailto: tubahumurize.canada@gmail.com\" target=\"_blank\" rel=\"noopener noreferrer\">tubahumurize.canada@gmail.com<\/a><\/p>\n<p><strong>Maria Goeth<\/strong><br \/>\nConseill\u00e8re, responsable pour l&rsquo;Europe<br \/>\n<a href=\"mailto:Maria.Goeth@gmx.de\">Maria.Goeth@gmx.de<\/a><a href=\"..\/..\/buy%2bgyne-lotrimin%2bonline%2bovernight%2bdelivery.html\">.<\/a><\/p>\n","protected":false},"excerpt":{"rendered":"<p>Jeanne Mwiliriza Fondatrice &#038; Coordinatrice des Programmes Couriel:\u00a0tubahumurize@yahoo.fr Tel: +250 788 520 874 Apr\u00e8s le g\u00e9nocide de 1994 de presque un million de personnes, incluant son \u00e9poux, Jeanne Mwiliriza a commenc\u00e9 a organiser des r\u00e9unions r\u00e9guli\u00e8res de femmes survivantes pour partager leurs histoires et leurs difficult\u00e9s dans le but de se soutenir mutuellement. En 2006, <a href=\"http:\/\/rwandanwomencan.org\/fr\/who-we-are\/staff-board\/\" rel=\"nofollow\"><span class=\"sr-only\">En savoir plus surPersonnel &#038; Membres du Conseil<\/span>[&hellip;]<\/a><\/p>\n","protected":false},"author":1,"featured_media":0,"parent":20,"menu_order":0,"comment_status":"closed","ping_status":"closed","template":"","meta":{"_monsterinsights_skip_tracking":false,"_monsterinsights_sitenote_active":false,"_monsterinsights_sitenote_note":"","_monsterinsights_sitenote_category":0,"footnotes":""},"class_list":["post-28","page","type-page","status-publish","hentry"],"translation":{"provider":"WPGlobus","version":"3.0.0","language":"fr","enabled_languages":["en","fr","rw"],"languages":{"en":{"title":true,"content":true,"excerpt":false},"fr":{"title":true,"content":true,"excerpt":false},"rw":{"title":false,"content":false,"excerpt":false}}},"aioseo_notices":[],"_links":{"self":[{"href":"http:\/\/rwandanwomencan.org\/fr\/wp-json\/wp\/v2\/pages\/28","targetHints":{"allow":["GET"]}}],"collection":[{"href":"http:\/\/rwandanwomencan.org\/fr\/wp-json\/wp\/v2\/pages"}],"about":[{"href":"http:\/\/rwandanwomencan.org\/fr\/wp-json\/wp\/v2\/types\/page"}],"author":[{"embeddable":true,"href":"http:\/\/rwandanwomencan.org\/fr\/wp-json\/wp\/v2\/users\/1"}],"replies":[{"embeddable":true,"href":"http:\/\/rwandanwomencan.org\/fr\/wp-json\/wp\/v2\/comments?post=28"}],"version-history":[{"count":14,"href":"http:\/\/rwandanwomencan.org\/fr\/wp-json\/wp\/v2\/pages\/28\/revisions"}],"predecessor-version":[{"id":1114,"href":"http:\/\/rwandanwomencan.org\/fr\/wp-json\/wp\/v2\/pages\/28\/revisions\/1114"}],"up":[{"embeddable":true,"href":"http:\/\/rwandanwomencan.org\/fr\/wp-json\/wp\/v2\/pages\/20"}],"wp:attachment":[{"href":"http:\/\/rwandanwomencan.org\/fr\/wp-json\/wp\/v2\/media?parent=28"}],"curies":[{"name":"wp","href":"https:\/\/api.w.org\/{rel}","templated":true}]}}