{"id":44,"date":"2017-02-20T18:08:34","date_gmt":"2017-02-20T18:08:34","guid":{"rendered":"http:\/\/rwandanwomencan.org\/?page_id=44"},"modified":"2018-02-26T12:53:25","modified_gmt":"2018-02-26T12:53:25","slug":"trauma-counselling","status":"publish","type":"page","link":"http:\/\/rwandanwomencan.org\/fr\/programs\/trauma-counselling\/","title":{"rendered":"Consultation Traumatologique"},"content":{"rendered":"<p><strong><img loading=\"lazy\" decoding=\"async\" class=\"size-medium wp-image-113 alignleft\" src=\"http:\/\/rwandanwomencan.org\/wp-content\/uploads\/2017\/02\/web-trauma-group-300x225-300x225.jpg\" alt=\"\" width=\"300\" height=\"225\" srcset=\"http:\/\/rwandanwomencan.org\/wp-content\/uploads\/2017\/02\/web-trauma-group-300x225.jpg 300w, http:\/\/rwandanwomencan.org\/wp-content\/uploads\/2017\/02\/web-trauma-group-300x225-285x214.jpg 285w\" sizes=\"auto, (max-width: 300px) 100vw, 300px\" \/>CONSULTATION EN GROUPE<br \/>\n<\/strong><\/p>\n<p>Pr\u00e8s de 300 femmes b\u00e9n\u00e9ficient de s\u00e9ances mensuelles de soutien psychologique. Parmi les employ\u00e9es de Tubahumurize se trouvent deux conseill\u00e8res form\u00e9es; la Coordinatrice du Programme, et une psychologue professionnelle, sp\u00e9cialis\u00e9e en traumatologie. Les conseillers utilisent des m\u00e9thodes traditionnelles et modernes de la gestion des traumas et de consultation traumatologique afin de r\u00e9pondre aux besoins des b\u00e9n\u00e9ficiaires. Six groupes participent aux sessions de Tubahumurize.<\/p>\n<p>Au cours des formations en groupe, les femmes et jeunes filles ont la prossibilit\u00e9 d&rsquo;exprimer leurs soucis et de partager leurs \u00e9motions. Pour la majorit\u00e9, c&rsquo;est le seul environnement\u00a0qui leur permet de s&rsquo;exprimer quant \u00e0 leur exp\u00e9rience du traumatisme pass\u00e9 ou actuel. Les participantes partagent aussi leurs m\u00e9thodes et astuces quant \u00e0 la r\u00e9solution des conflits et la gestion du stress. Parler, \u00e9couter et partager a permis aux participantes de d\u00e9velopper\u00a0des sentiments de respect mutuel et d&rsquo;\u00e9tablir une communaut\u00e9 de soutien. Par le soutien r\u00e9ciproque et responsabilit\u00e9 mutuelle, elles sont encourag\u00e9es \u00e0 d\u00e9velopper la confiance, l&#8217;empathie, et le respect de soi.<\/p>\n<p><strong><img loading=\"lazy\" decoding=\"async\" class=\"size-medium wp-image-115 alignleft\" src=\"http:\/\/rwandanwomencan.org\/wp-content\/uploads\/2017\/02\/web-trauma-individual-300x225-300x225.jpg\" alt=\"\" width=\"300\" height=\"225\" srcset=\"http:\/\/rwandanwomencan.org\/wp-content\/uploads\/2017\/02\/web-trauma-individual-300x225.jpg 300w, http:\/\/rwandanwomencan.org\/wp-content\/uploads\/2017\/02\/web-trauma-individual-300x225-285x214.jpg 285w\" sizes=\"auto, (max-width: 300px) 100vw, 300px\" \/>CONSULTATION INDIVIDUELLE<\/strong><\/p>\n<p>La Coordinatrice Tubahumurize est disponible pour les b\u00e9n\u00e9ficiaires du lundi au vendredi pour des consultations individuelles. La psychologue est disponible sur rendez-vous. En moyenne, 15 femmes prennent profitent de ce service chaque semaine. Les consultations individuelles permettent aux femmes de s&rsquo;exprimer sur leurs probl\u00e8mes personnels dans un environnement s\u00fbr et de recevoir des conseils personnalis\u00e9s.<\/p>\n","protected":false},"excerpt":{"rendered":"<p>CONSULTATION EN GROUPE Pr\u00e8s de 300 femmes b\u00e9n\u00e9ficient de s\u00e9ances mensuelles de soutien psychologique. Parmi les employ\u00e9es de Tubahumurize se trouvent deux conseill\u00e8res form\u00e9es; la Coordinatrice du Programme, et une psychologue professionnelle, sp\u00e9cialis\u00e9e en traumatologie. Les conseillers utilisent des m\u00e9thodes traditionnelles et modernes de la gestion des traumas et de consultation traumatologique afin de r\u00e9pondre <a href=\"http:\/\/rwandanwomencan.org\/fr\/programs\/trauma-counselling\/\" rel=\"nofollow\"><span class=\"sr-only\">En savoir plus surConsultation Traumatologique<\/span>[&hellip;]<\/a><\/p>\n","protected":false},"author":1,"featured_media":0,"parent":41,"menu_order":0,"comment_status":"closed","ping_status":"closed","template":"","meta":{"_monsterinsights_skip_tracking":false,"_monsterinsights_sitenote_active":false,"_monsterinsights_sitenote_note":"","_monsterinsights_sitenote_category":0,"footnotes":""},"class_list":["post-44","page","type-page","status-publish","hentry"],"translation":{"provider":"WPGlobus","version":"3.0.0","language":"fr","enabled_languages":["en","fr","rw"],"languages":{"en":{"title":true,"content":true,"excerpt":false},"fr":{"title":true,"content":true,"excerpt":false},"rw":{"title":true,"content":true,"excerpt":false}}},"aioseo_notices":[],"_links":{"self":[{"href":"http:\/\/rwandanwomencan.org\/fr\/wp-json\/wp\/v2\/pages\/44","targetHints":{"allow":["GET"]}}],"collection":[{"href":"http:\/\/rwandanwomencan.org\/fr\/wp-json\/wp\/v2\/pages"}],"about":[{"href":"http:\/\/rwandanwomencan.org\/fr\/wp-json\/wp\/v2\/types\/page"}],"author":[{"embeddable":true,"href":"http:\/\/rwandanwomencan.org\/fr\/wp-json\/wp\/v2\/users\/1"}],"replies":[{"embeddable":true,"href":"http:\/\/rwandanwomencan.org\/fr\/wp-json\/wp\/v2\/comments?post=44"}],"version-history":[{"count":7,"href":"http:\/\/rwandanwomencan.org\/fr\/wp-json\/wp\/v2\/pages\/44\/revisions"}],"predecessor-version":[{"id":738,"href":"http:\/\/rwandanwomencan.org\/fr\/wp-json\/wp\/v2\/pages\/44\/revisions\/738"}],"up":[{"embeddable":true,"href":"http:\/\/rwandanwomencan.org\/fr\/wp-json\/wp\/v2\/pages\/41"}],"wp:attachment":[{"href":"http:\/\/rwandanwomencan.org\/fr\/wp-json\/wp\/v2\/media?parent=44"}],"curies":[{"name":"wp","href":"https:\/\/api.w.org\/{rel}","templated":true}]}}