{"id":450,"date":"2017-11-20T17:29:25","date_gmt":"2017-11-20T17:29:25","guid":{"rendered":"http:\/\/rwandanwomencan.org\/?page_id=450"},"modified":"2018-07-18T18:44:30","modified_gmt":"2018-07-18T18:44:30","slug":"press-coverage","status":"publish","type":"page","link":"http:\/\/rwandanwomencan.org\/fr\/sample-page\/press-coverage\/","title":{"rendered":"Couverture m\u00e9diatique r\u00e9cente"},"content":{"rendered":"<p>Tubahumurize est tr\u00e8s reconnaissante de l&rsquo;attention m\u00e9diatique qu&rsquo;elle re\u00e7oit. \u00a0Quelques exemples r\u00e9centes comprennent:<\/p>\n<div><\/div>\n<ul>\n<li><strong>Article de journal<\/strong>: <a href=\"http:\/\/www.newtimes.co.rw\/section\/read\/223669\/\">The Healing Haven for Vulnerable Women<br \/>\n<\/a><img loading=\"lazy\" decoding=\"async\" class=\"wp-image-501 alignnone\" src=\"http:\/\/rwandanwomencan.org\/wp-content\/uploads\/2017\/11\/1510770194Beneficiaries-attending-an-Embroidery-class-300x200.jpg\" alt=\"\" width=\"584\" height=\"389\" srcset=\"http:\/\/rwandanwomencan.org\/wp-content\/uploads\/2017\/11\/1510770194Beneficiaries-attending-an-Embroidery-class-300x200.jpg 300w, http:\/\/rwandanwomencan.org\/wp-content\/uploads\/2017\/11\/1510770194Beneficiaries-attending-an-Embroidery-class-768x513.jpg 768w, http:\/\/rwandanwomencan.org\/wp-content\/uploads\/2017\/11\/1510770194Beneficiaries-attending-an-Embroidery-class-750x500.jpg 750w, http:\/\/rwandanwomencan.org\/wp-content\/uploads\/2017\/11\/1510770194Beneficiaries-attending-an-Embroidery-class.jpg 824w\" sizes=\"auto, (max-width: 584px) 100vw, 584px\" \/><em>Date: 16 novembre 2017<\/em><br \/>\nDescription: Cet article, publi\u00e9 dans le New Times (le plus grand journal anglophone au Rwanda), d\u00e9crit le travail de Tubahumurize et comprend quelques entrevues avec nos b\u00e9n\u00e9ficiaires ainsi qu&rsquo;avec notre fondatrice, \u00a0Jeanne Mwiliriza<\/li>\n<\/ul>\n<p>&nbsp;<\/p>\n<ul>\n<li><strong>Vid\u00e9o<\/strong>:\u00a0<a href=\"http:\/\/alberta.ctvnews.ca\/video?clipId=1142073\">Tubahumurize Partner, Green and Gold Community Garden, Wins Senate 150 Award in Canada<br \/>\n<iframe loading=\"lazy\" src=\"https:\/\/bmplayer-a.akamaihd.net\/shareable\/embedssl.html?dc=ctvnews_web&amp;cid=1142073&amp;col=379&amp;w=480&amp;h=270&amp;pl=0&amp;plh=0&amp;adSite=ctv.ctvnewsalberta&amp;adZone=home&amp;omniAcct=ctvgmnews,ctvgmnewsglobalsuite&amp;section=Alberta&amp;site=alberta&amp;shareUrl=http:\/\/alberta.ctvnews.ca\/video?clipId=1142073&amp;v7=video&amp;v8=home&amp;v9=&amp;v10=\" width=\"480\" height=\"270\" frameborder=\"0\" scrolling=\"no\" allowfullscreen=\"allowfullscreen\"><\/iframe><br \/>\n<\/a><em>Date: Octobre 2017<\/em><br \/>\nDescription: Reportage de CTV sur le Green and Gold Community Garden en Alberta, Canada. Les leaders de ce jardin ont gagn\u00e9 une m\u00e9daille comm\u00e9morative du 150e anniversaire du S\u00e9nat Canadien en reconnaissance de leur travail, qui soutient directement Tubahumurize. La vid\u00e9o est principalement \u00e0 propos du jardin communautaire, situ\u00e9 \u00e0 l&rsquo;Universit\u00e9 de l&rsquo;Alberta, mais comprend aussi un excellent r\u00e9sum\u00e9 du travail de l&rsquo;association de la perspective de ces partenaires.<\/li>\n<\/ul>\n<p>&nbsp;<\/p>\n<ul>\n<li><strong>Vid\u00e9o<\/strong>:\u00a0<a href=\"https:\/\/www.youtube.com\/watch?v=I7PC6grfQHU\">Tubahumurize Wins Airtel Touching Lives Award<\/a><br \/>\n<iframe loading=\"lazy\" src=\"https:\/\/www.youtube.com\/embed\/I7PC6grfQHU?start=900\" width=\"560\" height=\"315\" frameborder=\"0\" allowfullscreen=\"allowfullscreen\"><\/iframe><br \/>\n<em>Date: August 17, 2016<\/em><br \/>\nDescription: Cette vid\u00e9o a \u00e9t\u00e9 diffus\u00e9e \u00e0 la television nationale au Rwanda lorsque l&rsquo;association Tubahumurize a gagn\u00e9 le prix &lsquo;Airtel Touching Lives.&rsquo; Le reportage comprend une entrevue avec la fondatrice de Tubahumurize, Jeanne Mwiliriza, qui explique notre mission et vision, ainsi que plusieurs entrevues avec nos b\u00e9n\u00e9ficiaires. Les conversations sont en Kinyarwanda et sous-titr\u00e9es en anglais.<br \/>\n* La portion \u00e0 propos de nous commence \u00e0 15:30.<\/li>\n<\/ul>\n","protected":false},"excerpt":{"rendered":"<p>Tubahumurize est tr\u00e8s reconnaissante de l&rsquo;attention m\u00e9diatique qu&rsquo;elle re\u00e7oit. \u00a0Quelques exemples r\u00e9centes comprennent: Article de journal: The Healing Haven for Vulnerable Women Date: 16 novembre 2017 Description: Cet article, publi\u00e9 dans le New Times (le plus grand journal anglophone au Rwanda), d\u00e9crit le travail de Tubahumurize et comprend quelques entrevues avec nos b\u00e9n\u00e9ficiaires ainsi qu&rsquo;avec <a href=\"http:\/\/rwandanwomencan.org\/fr\/sample-page\/press-coverage\/\" rel=\"nofollow\"><span class=\"sr-only\">En savoir plus surCouverture m\u00e9diatique r\u00e9cente<\/span>[&hellip;]<\/a><\/p>\n","protected":false},"author":6,"featured_media":0,"parent":2,"menu_order":0,"comment_status":"closed","ping_status":"closed","template":"","meta":{"_monsterinsights_skip_tracking":false,"_monsterinsights_sitenote_active":false,"_monsterinsights_sitenote_note":"","_monsterinsights_sitenote_category":0,"footnotes":""},"class_list":["post-450","page","type-page","status-publish","hentry"],"translation":{"provider":"WPGlobus","version":"3.0.0","language":"fr","enabled_languages":["en","fr","rw"],"languages":{"en":{"title":true,"content":true,"excerpt":false},"fr":{"title":true,"content":true,"excerpt":false},"rw":{"title":false,"content":false,"excerpt":false}}},"aioseo_notices":[],"_links":{"self":[{"href":"http:\/\/rwandanwomencan.org\/fr\/wp-json\/wp\/v2\/pages\/450","targetHints":{"allow":["GET"]}}],"collection":[{"href":"http:\/\/rwandanwomencan.org\/fr\/wp-json\/wp\/v2\/pages"}],"about":[{"href":"http:\/\/rwandanwomencan.org\/fr\/wp-json\/wp\/v2\/types\/page"}],"author":[{"embeddable":true,"href":"http:\/\/rwandanwomencan.org\/fr\/wp-json\/wp\/v2\/users\/6"}],"replies":[{"embeddable":true,"href":"http:\/\/rwandanwomencan.org\/fr\/wp-json\/wp\/v2\/comments?post=450"}],"version-history":[{"count":34,"href":"http:\/\/rwandanwomencan.org\/fr\/wp-json\/wp\/v2\/pages\/450\/revisions"}],"predecessor-version":[{"id":984,"href":"http:\/\/rwandanwomencan.org\/fr\/wp-json\/wp\/v2\/pages\/450\/revisions\/984"}],"up":[{"embeddable":true,"href":"http:\/\/rwandanwomencan.org\/fr\/wp-json\/wp\/v2\/pages\/2"}],"wp:attachment":[{"href":"http:\/\/rwandanwomencan.org\/fr\/wp-json\/wp\/v2\/media?parent=450"}],"curies":[{"name":"wp","href":"https:\/\/api.w.org\/{rel}","templated":true}]}}