{"id":46,"date":"2017-02-20T18:09:17","date_gmt":"2017-02-20T18:09:17","guid":{"rendered":"http:\/\/rwandanwomencan.org\/?page_id=46"},"modified":"2018-03-01T07:24:08","modified_gmt":"2018-03-01T07:24:08","slug":"approach","status":"publish","type":"page","link":"http:\/\/rwandanwomencan.org\/fr\/who-we-are\/approach\/","title":{"rendered":"Approche"},"content":{"rendered":"<p><strong>L&rsquo;approche unique de l&rsquo;Association Tubahumurize pour l&rsquo;\u00e9mancipation des femmes et le d\u00e9veloppement social vient en aide \u00e0 un public particulier, selon des m\u00e9thodes adapt\u00e9es.<\/strong><\/p>\n<h3>Qui aidons-nous?<img loading=\"lazy\" decoding=\"async\" class=\"size-medium wp-image-96 alignright\" src=\"http:\/\/rwandanwomencan.org\/wp-content\/uploads\/2017\/02\/images-300x265.jpg\" alt=\"\" width=\"300\" height=\"265\" \/><\/h3>\n<ul>\n<li>Nous op\u00e9rons au <strong>niveau de base<\/strong> dans les communaut\u00e9s ou nous pouvons avoir un impact direct et significatif sur les <strong>individus<\/strong>.<\/li>\n<li>Nous concentrons nos efforts et nos ressources sur les femmes <strong>les plus vuln\u00e9rables au Rwanda<\/strong>, \u00e0 savoir les femmes victimes de violence<\/li>\n<li>Nous offrons un soutien aux femmes, ind\u00e9pendamment de leur \u00e2ge, origines ethniques, ou religions.<\/li>\n<li>Nous savons que lorsque nous venons en aide aux femmes, nous aidons \u00e9galement leurs <strong>proches<\/strong> et nous contribuons au d\u00e9veloppement de la soci\u00e9t\u00e9 rwandaise d&rsquo;aujourd&rsquo;hui et de demain.<\/li>\n<\/ul>\n<h3>Comment aidons-nous?<\/h3>\n<ul>\n<li>Nous utilisons un\u00a0ensemble strat\u00e9gique de m\u00e9thodes de counselling <strong>traditionnels et modernes<\/strong>.<\/li>\n<li>Nous adoptons une approche d&rsquo;\u00e9mancipation concentr\u00e9e sur <strong>la personne en son entier;\u00a0<\/strong> le bien-\u00eatre de nos b\u00e9n\u00e9ficiaires d\u00e9pend d&rsquo;un \u00e9panouissement moral, physique, \u00e9motionnel, spirituel et financier.<\/li>\n<li>Nous voulons comprendre et r\u00e9pondre aux <strong>circonstances uniques<\/strong> de la vie de chaque b\u00e9n\u00e9ficiaire.<\/li>\n<li>Nous travaillons \u00e0 partir des <strong>forces et atouts<\/strong> dont les femmes et jeunes filles font d\u00e9\u00e0 preuve.<\/li>\n<li>Nous profitons de la capacit\u00e9 des femmes \u00e0 <strong>aider et supporter<\/strong> tout un chacun. Notre programme de consultation en groupe brise l&rsquo;isolation, aide a b\u00e2tir des relations de confiance r\u00e9ciproques, et \u00e0 cr\u00e9er des \u00ab\u00a0communaut\u00e9s de gu\u00e9rison\u00a0\u00bb.<\/li>\n<li>Nous supportons un <strong>processus de gu\u00e9rison vers l&rsquo;autonomisation.\u00a0<\/strong>Les sessions de counselling sont le commencement, main pas le fin, de cette mission. Les femmes se rendent souvent \u00e0 Tubahumurize au milieu d&rsquo;une crise; apr\u00e8s un regain de force mentale, elles participent \u00e0 des formations qui sont con\u00e7ues sur-mesure pour les habiliter \u00e0 reprendre le contr\u00f4le de . Ces programmes incluent des formations \u00e9ducatives et l&rsquo;acc\u00e8s \u00e0 des microcr\u00e9dits.<\/li>\n<li>Si la situation s&rsquo;y pr\u00eate, nous supportons <strong>la coh\u00e9sion familiale, la r\u00e9conciliation, et l&rsquo;int\u00e9gration sociale<\/strong>.<\/li>\n<\/ul>\n","protected":false},"excerpt":{"rendered":"<p>L&rsquo;approche unique de l&rsquo;Association Tubahumurize pour l&rsquo;\u00e9mancipation des femmes et le d\u00e9veloppement social vient en aide \u00e0 un public particulier, selon des m\u00e9thodes adapt\u00e9es. Qui aidons-nous? Nous op\u00e9rons au niveau de base dans les communaut\u00e9s ou nous pouvons avoir un impact direct et significatif sur les individus. Nous concentrons nos efforts et nos ressources sur <a href=\"http:\/\/rwandanwomencan.org\/fr\/who-we-are\/approach\/\" rel=\"nofollow\"><span class=\"sr-only\">En savoir plus surApproche<\/span>[&hellip;]<\/a><\/p>\n","protected":false},"author":1,"featured_media":0,"parent":20,"menu_order":0,"comment_status":"closed","ping_status":"closed","template":"","meta":{"_monsterinsights_skip_tracking":false,"_monsterinsights_sitenote_active":false,"_monsterinsights_sitenote_note":"","_monsterinsights_sitenote_category":0,"footnotes":""},"class_list":["post-46","page","type-page","status-publish","hentry"],"translation":{"provider":"WPGlobus","version":"3.0.0","language":"fr","enabled_languages":["en","fr","rw"],"languages":{"en":{"title":true,"content":true,"excerpt":false},"fr":{"title":true,"content":true,"excerpt":false},"rw":{"title":true,"content":true,"excerpt":false}}},"aioseo_notices":[],"_links":{"self":[{"href":"http:\/\/rwandanwomencan.org\/fr\/wp-json\/wp\/v2\/pages\/46","targetHints":{"allow":["GET"]}}],"collection":[{"href":"http:\/\/rwandanwomencan.org\/fr\/wp-json\/wp\/v2\/pages"}],"about":[{"href":"http:\/\/rwandanwomencan.org\/fr\/wp-json\/wp\/v2\/types\/page"}],"author":[{"embeddable":true,"href":"http:\/\/rwandanwomencan.org\/fr\/wp-json\/wp\/v2\/users\/1"}],"replies":[{"embeddable":true,"href":"http:\/\/rwandanwomencan.org\/fr\/wp-json\/wp\/v2\/comments?post=46"}],"version-history":[{"count":8,"href":"http:\/\/rwandanwomencan.org\/fr\/wp-json\/wp\/v2\/pages\/46\/revisions"}],"predecessor-version":[{"id":784,"href":"http:\/\/rwandanwomencan.org\/fr\/wp-json\/wp\/v2\/pages\/46\/revisions\/784"}],"up":[{"embeddable":true,"href":"http:\/\/rwandanwomencan.org\/fr\/wp-json\/wp\/v2\/pages\/20"}],"wp:attachment":[{"href":"http:\/\/rwandanwomencan.org\/fr\/wp-json\/wp\/v2\/media?parent=46"}],"curies":[{"name":"wp","href":"https:\/\/api.w.org\/{rel}","templated":true}]}}