{"id":53,"date":"2017-02-20T18:17:14","date_gmt":"2017-02-20T18:17:14","guid":{"rendered":"http:\/\/rwandanwomencan.org\/?page_id=53"},"modified":"2018-02-26T10:37:25","modified_gmt":"2018-02-26T10:37:25","slug":"cooperative","status":"publish","type":"page","link":"http:\/\/rwandanwomencan.org\/fr\/programs\/cooperative\/","title":{"rendered":"Coop\u00e9rative"},"content":{"rendered":"<p>Chaque ann\u00e9e, en<img loading=\"lazy\" decoding=\"async\" class=\"size-medium wp-image-129 alignleft\" src=\"http:\/\/rwandanwomencan.org\/wp-content\/uploads\/2017\/02\/IMG_2316-224x300-224x300.jpg\" alt=\"\" width=\"224\" height=\"300\" \/>viron cinq dipl\u00f4m\u00e9es de l&rsquo;\u00e9cole de couture, broderie et quilting deviennent membres de la Coop\u00e9rative Tubahumurize. La coop\u00e9rative se trouve au si\u00e8ge de l&rsquo;Association.<\/p>\n<p>Au sein de la coop\u00e9rative, nous comptons environ 25 femmes. Ensemble, elles\u00a0con\u00e7oivent et produisent nos quilts et elles cousent et brodent un large \u00e9ventail de tr\u00e8s beaux ouvrages. Les produits sont vendus par les employ\u00e9s et les b\u00e9n\u00e9voles au niveau local et \u00e0 l&rsquo;\u00e9tranger.<\/p>\n<p>La coop\u00e9rative fournit de l&#8217;emploi stable et s\u00fbr, et contribue \u00e0 r\u00e9duire la pression que subissent les jeunes femmes pour trouver un emploi.<\/p>\n<p>Nous vous invitions \u00e0 regarder notre catalogue de produits en ligne ou de vous rendre au magasin Co-op en personne afin de voir nos beaux articles d&rsquo;artisanats et de rencontrer les femmes incroyables qui les r\u00e9alisent..<\/p>\n","protected":false},"excerpt":{"rendered":"<p>Chaque ann\u00e9e, environ cinq dipl\u00f4m\u00e9es de l&rsquo;\u00e9cole de couture, broderie et quilting deviennent membres de la Coop\u00e9rative Tubahumurize. La coop\u00e9rative se trouve au si\u00e8ge de l&rsquo;Association. Au sein de la coop\u00e9rative, nous comptons environ 25 femmes. Ensemble, elles\u00a0con\u00e7oivent et produisent nos quilts et elles cousent et brodent un large \u00e9ventail de tr\u00e8s beaux ouvrages. Les <a href=\"http:\/\/rwandanwomencan.org\/fr\/programs\/cooperative\/\" rel=\"nofollow\"><span class=\"sr-only\">En savoir plus surCoop\u00e9rative<\/span>[&hellip;]<\/a><\/p>\n","protected":false},"author":1,"featured_media":0,"parent":41,"menu_order":0,"comment_status":"closed","ping_status":"closed","template":"","meta":{"_monsterinsights_skip_tracking":false,"_monsterinsights_sitenote_active":false,"_monsterinsights_sitenote_note":"","_monsterinsights_sitenote_category":0,"footnotes":""},"class_list":["post-53","page","type-page","status-publish","hentry"],"translation":{"provider":"WPGlobus","version":"3.0.0","language":"fr","enabled_languages":["en","fr","rw"],"languages":{"en":{"title":true,"content":true,"excerpt":false},"fr":{"title":true,"content":true,"excerpt":false},"rw":{"title":true,"content":true,"excerpt":false}}},"aioseo_notices":[],"_links":{"self":[{"href":"http:\/\/rwandanwomencan.org\/fr\/wp-json\/wp\/v2\/pages\/53","targetHints":{"allow":["GET"]}}],"collection":[{"href":"http:\/\/rwandanwomencan.org\/fr\/wp-json\/wp\/v2\/pages"}],"about":[{"href":"http:\/\/rwandanwomencan.org\/fr\/wp-json\/wp\/v2\/types\/page"}],"author":[{"embeddable":true,"href":"http:\/\/rwandanwomencan.org\/fr\/wp-json\/wp\/v2\/users\/1"}],"replies":[{"embeddable":true,"href":"http:\/\/rwandanwomencan.org\/fr\/wp-json\/wp\/v2\/comments?post=53"}],"version-history":[{"count":8,"href":"http:\/\/rwandanwomencan.org\/fr\/wp-json\/wp\/v2\/pages\/53\/revisions"}],"predecessor-version":[{"id":725,"href":"http:\/\/rwandanwomencan.org\/fr\/wp-json\/wp\/v2\/pages\/53\/revisions\/725"}],"up":[{"embeddable":true,"href":"http:\/\/rwandanwomencan.org\/fr\/wp-json\/wp\/v2\/pages\/41"}],"wp:attachment":[{"href":"http:\/\/rwandanwomencan.org\/fr\/wp-json\/wp\/v2\/media?parent=53"}],"curies":[{"name":"wp","href":"https:\/\/api.w.org\/{rel}","templated":true}]}}