{"id":55,"date":"2017-02-20T18:18:29","date_gmt":"2017-02-20T18:18:29","guid":{"rendered":"http:\/\/rwandanwomencan.org\/?page_id=55"},"modified":"2018-06-01T08:50:03","modified_gmt":"2018-06-01T08:50:03","slug":"products","status":"publish","type":"page","link":"http:\/\/rwandanwomencan.org\/fr\/products\/","title":{"rendered":"Produits"},"content":{"rendered":"<h2><a href=\"http:\/\/rwandanwomencan.org\/fr\/products\/our-catalogue\/\">Notre catalogue<\/a><\/h2>\n<p>Veuillez acc\u00e9der \u00e0 la version la plus r\u00e9cente de <a href=\"http:\/\/online.pubhtml5.com\/ercp\/rvvn\/\">notre catalogue ici<\/a>&#8230;<\/p>\n<h2><a href=\"http:\/\/rwandanwomencan.org\/fr\/products\/quilts\/\">Nos Quilts<\/a><\/h2>\n<p>&#8230;ou jeter un coup d\u2019\u0153il \u00e0 nos quilts et \u00e0 leur mode de fabrication!<\/p>\n<h2><a href=\"http:\/\/rwandanwomencan.org\/fr\/products\/our-shop\/\">Notre magasin<\/a><\/h2>\n<p>Vous-\u00eates aussi le bienvenue au <a href=\"http:\/\/rwandanwomencan.org\/cooperative\/index.html\">magasin coop\u00e9ratif Tubahumurize<\/a>\u00a0pour acheter quelques uns de nos produits faits \u00e0 la main\u00a0et pour rencontrer quelques unes des femmes extraordinaires qui les cr\u00e9ent.\u00a0<a title=\"Map to Tubahumurize\" href=\"http:\/\/rwandanwomencan.org\/fr\/come-visit-us\/\" target=\"_blank\" rel=\"noopener noreferrer\">Voice une carte pour vous aider \u00e0 nous trouver<\/a>.<\/p>\n","protected":false},"excerpt":{"rendered":"<p>Notre catalogue Veuillez acc\u00e9der \u00e0 la version la plus r\u00e9cente de notre catalogue ici&#8230; Nos Quilts &#8230;ou jeter un coup d\u2019\u0153il \u00e0 nos quilts et \u00e0 leur mode de fabrication! Notre magasin Vous-\u00eates aussi le bienvenue au magasin coop\u00e9ratif Tubahumurize\u00a0pour acheter quelques uns de nos produits faits \u00e0 la main\u00a0et pour rencontrer quelques unes des <a href=\"http:\/\/rwandanwomencan.org\/fr\/products\/\" rel=\"nofollow\"><span class=\"sr-only\">En savoir plus surProduits<\/span>[&hellip;]<\/a><\/p>\n","protected":false},"author":1,"featured_media":0,"parent":0,"menu_order":0,"comment_status":"closed","ping_status":"closed","template":"","meta":{"_monsterinsights_skip_tracking":false,"_monsterinsights_sitenote_active":false,"_monsterinsights_sitenote_note":"","_monsterinsights_sitenote_category":0,"footnotes":""},"class_list":["post-55","page","type-page","status-publish","hentry"],"translation":{"provider":"WPGlobus","version":"3.0.0","language":"fr","enabled_languages":["en","fr","rw"],"languages":{"en":{"title":true,"content":true,"excerpt":false},"fr":{"title":true,"content":true,"excerpt":false},"rw":{"title":true,"content":false,"excerpt":false}}},"aioseo_notices":[],"_links":{"self":[{"href":"http:\/\/rwandanwomencan.org\/fr\/wp-json\/wp\/v2\/pages\/55","targetHints":{"allow":["GET"]}}],"collection":[{"href":"http:\/\/rwandanwomencan.org\/fr\/wp-json\/wp\/v2\/pages"}],"about":[{"href":"http:\/\/rwandanwomencan.org\/fr\/wp-json\/wp\/v2\/types\/page"}],"author":[{"embeddable":true,"href":"http:\/\/rwandanwomencan.org\/fr\/wp-json\/wp\/v2\/users\/1"}],"replies":[{"embeddable":true,"href":"http:\/\/rwandanwomencan.org\/fr\/wp-json\/wp\/v2\/comments?post=55"}],"version-history":[{"count":15,"href":"http:\/\/rwandanwomencan.org\/fr\/wp-json\/wp\/v2\/pages\/55\/revisions"}],"predecessor-version":[{"id":943,"href":"http:\/\/rwandanwomencan.org\/fr\/wp-json\/wp\/v2\/pages\/55\/revisions\/943"}],"wp:attachment":[{"href":"http:\/\/rwandanwomencan.org\/fr\/wp-json\/wp\/v2\/media?parent=55"}],"curies":[{"name":"wp","href":"https:\/\/api.w.org\/{rel}","templated":true}]}}