{"id":560,"date":"2017-11-22T18:02:44","date_gmt":"2017-11-22T18:02:44","guid":{"rendered":"http:\/\/rwandanwomencan.org\/?page_id=560"},"modified":"2018-02-27T14:36:45","modified_gmt":"2018-02-27T14:36:45","slug":"annie-cameron-2016-canada","status":"publish","type":"page","link":"http:\/\/rwandanwomencan.org\/fr\/sample-page\/volunteer-reflections\/annie-cameron-2016-canada\/","title":{"rendered":"Annie Cameron (Canada, 2016)"},"content":{"rendered":"<div id=\"attachment_664\" style=\"width: 310px\" class=\"wp-caption alignleft\"><img loading=\"lazy\" decoding=\"async\" aria-describedby=\"caption-attachment-664\" class=\"wp-image-664 size-medium\" src=\"http:\/\/rwandanwomencan.org\/wp-content\/uploads\/2017\/12\/IMG_2938-300x225.jpg\" alt=\"\" width=\"300\" height=\"225\" srcset=\"http:\/\/rwandanwomencan.org\/wp-content\/uploads\/2017\/12\/IMG_2938-300x225.jpg 300w, http:\/\/rwandanwomencan.org\/wp-content\/uploads\/2017\/12\/IMG_2938-768x576.jpg 768w, http:\/\/rwandanwomencan.org\/wp-content\/uploads\/2017\/12\/IMG_2938-1024x768.jpg 1024w, http:\/\/rwandanwomencan.org\/wp-content\/uploads\/2017\/12\/IMG_2938-285x214.jpg 285w\" sizes=\"auto, (max-width: 300px) 100vw, 300px\" \/><p id=\"caption-attachment-664\" class=\"wp-caption-text\">Anne-Isabelle Cameron, b\u00e9n\u00e9vole \u00e0 Tubahumurize (centre) accompagn\u00e9e de Charlotte Karikwera, notre pryscholoque (gauche) et de Jeanne Mwiliriza, notre fondatrice et directrice des projets (droite)<\/p><\/div>\n<p>Tubahumurize est l&rsquo;endroit id\u00e9al pour faire du b\u00e9n\u00e9volat pour quelqu&rsquo;un d&rsquo;enthousiaste, de motiv\u00e9, souhaitant gagner en exp\u00e9rience dans un grand nombre de domaines et passer ses journ\u00e9es entour\u00e9 par un groupe de femmes fabuleuses.<\/p>\n<p>La diversit\u00e9 des activit\u00e9s de l&rsquo;association implique que vous pouvez choisir dans quel domaine vous seriez le plus \u00e0 l&rsquo;aise et ainsi cr\u00e9er votre exp\u00e9rience de volontariat sur mesure. Du design de produit \u00e0 l&rsquo;expansion du march\u00e9 en passant par la communication et la recherche de fonds, vous aurez l&rsquo;opportunit\u00e9 d&rsquo;apprendre \u00e9norm\u00e9ment. C&rsquo;est \u00e0 la fois excitant et gratifiant de faire partie d&rsquo;une organisation avec un tel potentiel de croissance et d&rsquo;impact.<\/p>\n<p>En plus des opportunit\u00e9s que Tubahumurize offre en terme d&rsquo;apprentissage, d&rsquo;exp\u00e9rience et de travail pour une cause importante, vous faites \u00e0 la fois partie de l&rsquo;association et de la famille Tubahumurize. Vous serez chaleureusement accueillis et invit\u00e9s \u00e0 vous rendre \u00e0 des d\u00e9jeuners, des mariages, vous construirez de solides liens avec un incroyable groupe de femmes source d&rsquo;inspiration.<\/p>\n<p>Etant donn\u00e9 le nombre de positions de b\u00e9n\u00e9voles possibles partout dans le monde, choisir un endroit peut \u00eatre intimidant. Je suis heureuse d&rsquo;avoir choisi un endroit aussi sp\u00e9cial que Tubahumurize. C&rsquo;est une organisation qui m\u00e9rite que l&rsquo;on y consacre du temps. J&rsquo;en retiens une exp\u00e9rience hors pair au sein d&rsquo;un environnement jovial, color\u00e9 et empli de musique.<\/p>\n<p>Annie Cameron, Canada, B\u00e9n\u00e9vole Mai 2016-Ao\u00fbt 2016<\/p>\n","protected":false},"excerpt":{"rendered":"<p>Tubahumurize est l&rsquo;endroit id\u00e9al pour faire du b\u00e9n\u00e9volat pour quelqu&rsquo;un d&rsquo;enthousiaste, de motiv\u00e9, souhaitant gagner en exp\u00e9rience dans un grand nombre de domaines et passer ses journ\u00e9es entour\u00e9 par un groupe de femmes fabuleuses. La diversit\u00e9 des activit\u00e9s de l&rsquo;association implique que vous pouvez choisir dans quel domaine vous seriez le plus \u00e0 l&rsquo;aise et <a href=\"http:\/\/rwandanwomencan.org\/fr\/sample-page\/volunteer-reflections\/annie-cameron-2016-canada\/\" rel=\"nofollow\"><span class=\"sr-only\">En savoir plus surAnnie Cameron (Canada, 2016)<\/span>[&hellip;]<\/a><\/p>\n","protected":false},"author":6,"featured_media":0,"parent":513,"menu_order":0,"comment_status":"closed","ping_status":"closed","template":"","meta":{"_monsterinsights_skip_tracking":false,"_monsterinsights_sitenote_active":false,"_monsterinsights_sitenote_note":"","_monsterinsights_sitenote_category":0,"footnotes":""},"class_list":["post-560","page","type-page","status-publish","hentry"],"translation":{"provider":"WPGlobus","version":"3.0.0","language":"fr","enabled_languages":["en","fr","rw"],"languages":{"en":{"title":true,"content":true,"excerpt":false},"fr":{"title":true,"content":true,"excerpt":false},"rw":{"title":true,"content":false,"excerpt":false}}},"aioseo_notices":[],"_links":{"self":[{"href":"http:\/\/rwandanwomencan.org\/fr\/wp-json\/wp\/v2\/pages\/560","targetHints":{"allow":["GET"]}}],"collection":[{"href":"http:\/\/rwandanwomencan.org\/fr\/wp-json\/wp\/v2\/pages"}],"about":[{"href":"http:\/\/rwandanwomencan.org\/fr\/wp-json\/wp\/v2\/types\/page"}],"author":[{"embeddable":true,"href":"http:\/\/rwandanwomencan.org\/fr\/wp-json\/wp\/v2\/users\/6"}],"replies":[{"embeddable":true,"href":"http:\/\/rwandanwomencan.org\/fr\/wp-json\/wp\/v2\/comments?post=560"}],"version-history":[{"count":10,"href":"http:\/\/rwandanwomencan.org\/fr\/wp-json\/wp\/v2\/pages\/560\/revisions"}],"predecessor-version":[{"id":771,"href":"http:\/\/rwandanwomencan.org\/fr\/wp-json\/wp\/v2\/pages\/560\/revisions\/771"}],"up":[{"embeddable":true,"href":"http:\/\/rwandanwomencan.org\/fr\/wp-json\/wp\/v2\/pages\/513"}],"wp:attachment":[{"href":"http:\/\/rwandanwomencan.org\/fr\/wp-json\/wp\/v2\/media?parent=560"}],"curies":[{"name":"wp","href":"https:\/\/api.w.org\/{rel}","templated":true}]}}