{"id":571,"date":"2017-11-22T18:28:30","date_gmt":"2017-11-22T18:28:30","guid":{"rendered":"http:\/\/rwandanwomencan.org\/?page_id=571"},"modified":"2018-02-27T10:48:56","modified_gmt":"2018-02-27T10:48:56","slug":"simone-hanchet-canada-2009-present","status":"publish","type":"page","link":"http:\/\/rwandanwomencan.org\/fr\/sample-page\/volunteer-reflections\/simone-hanchet-canada-2009-present\/","title":{"rendered":"Simone Hanchet (Canada, 2009-aujourd&rsquo;hui)"},"content":{"rendered":"<p>Simone s&rsquo;est engag\u00e9e en tant que b\u00e9n\u00e9vole \u00e0 Tubahumurize pour une dur\u00e9e de 6 mois en 2009 et a rejoint le bureau de l&rsquo;association peu de temps apr\u00e8s.<\/p>\n<p>En plus de continuer \u00e0 d\u00e9velopper les priorit\u00e9s strat\u00e9giques de l&rsquo;association depuis son pays natal, le Canada, Simone est revenue plusieurs fois au Rwanda pour travailler sur de nombreux projets et programmes.<\/p>\n<p>Simone a r\u00e9dig\u00e9 les essais suivants, bas\u00e9s sur ses visites au Rwanda.<\/p>\n<p><a href=\"http:\/\/rwandanwomencan.org\/sample-page\/field-notes\/fruits-of-hatred-simone-hanchet-2015\/\">Fruits of Hatred<\/a> (Les Fruits de la Haine), un essai \u00a0\u00e0 propos du soutien psychologique propos\u00e9 par l\u2019association aupr\u00e8s des femmes ayant donn\u00e9 naissance \u00e0 des enfants issus de viols durant le g\u00e9nocide (en anglais).<\/p>\n<p><a href=\"http:\/\/rwandanwomencan.org\/sample-page\/field-notes\/what-power-looks-like-simone-hanchet-2015\/\">What Power Looks Like<\/a> (La Face du Pouvoir), un essai \u00e0 propos du caract\u00e8re unique de l\u2019association dans sa mani\u00e8re de soutenir la r\u00e9silience des femmes et leur \u00e9mancipation (en l\u2019honneur de la Journ\u00e9e Internationale de la Femme) (en anglais).<\/p>\n<div id=\"attachment_572\" style=\"width: 465px\" class=\"wp-caption alignnone\"><img loading=\"lazy\" decoding=\"async\" aria-describedby=\"caption-attachment-572\" class=\"wp-image-572\" src=\"http:\/\/rwandanwomencan.org\/wp-content\/uploads\/2017\/11\/Tubahumurize-yoga-class-Simone-300x225.jpg\" alt=\"\" width=\"455\" height=\"341\" srcset=\"http:\/\/rwandanwomencan.org\/wp-content\/uploads\/2017\/11\/Tubahumurize-yoga-class-Simone-300x225.jpg 300w, http:\/\/rwandanwomencan.org\/wp-content\/uploads\/2017\/11\/Tubahumurize-yoga-class-Simone-285x214.jpg 285w, http:\/\/rwandanwomencan.org\/wp-content\/uploads\/2017\/11\/Tubahumurize-yoga-class-Simone.jpg 556w\" sizes=\"auto, (max-width: 455px) 100vw, 455px\" \/><p id=\"caption-attachment-572\" class=\"wp-caption-text\">Simone Hanchet dirige un cours de yoga pour les b\u00e9n\u00e9ficiaires de l&rsquo;association.<\/p><\/div>\n<p>&nbsp;<\/p>\n<div id=\"attachment_573\" style=\"width: 465px\" class=\"wp-caption alignnone\"><img loading=\"lazy\" decoding=\"async\" aria-describedby=\"caption-attachment-573\" class=\"wp-image-573\" src=\"http:\/\/rwandanwomencan.org\/wp-content\/uploads\/2017\/11\/Volunteering-at-Tubahumurize-300x225.jpg\" alt=\"\" width=\"455\" height=\"341\" srcset=\"http:\/\/rwandanwomencan.org\/wp-content\/uploads\/2017\/11\/Volunteering-at-Tubahumurize-300x225.jpg 300w, http:\/\/rwandanwomencan.org\/wp-content\/uploads\/2017\/11\/Volunteering-at-Tubahumurize-285x214.jpg 285w, http:\/\/rwandanwomencan.org\/wp-content\/uploads\/2017\/11\/Volunteering-at-Tubahumurize.jpg 556w\" sizes=\"auto, (max-width: 455px) 100vw, 455px\" \/><p id=\"caption-attachment-573\" class=\"wp-caption-text\">Simone Hanchet inscrit les femmes \u00e0 son tr\u00e8s appr\u00e9ci\u00e9 cours d&rsquo;anglais.<\/p><\/div>\n","protected":false},"excerpt":{"rendered":"<p>Simone s&rsquo;est engag\u00e9e en tant que b\u00e9n\u00e9vole \u00e0 Tubahumurize pour une dur\u00e9e de 6 mois en 2009 et a rejoint le bureau de l&rsquo;association peu de temps apr\u00e8s. En plus de continuer \u00e0 d\u00e9velopper les priorit\u00e9s strat\u00e9giques de l&rsquo;association depuis son pays natal, le Canada, Simone est revenue plusieurs fois au Rwanda pour travailler sur <a href=\"http:\/\/rwandanwomencan.org\/fr\/sample-page\/volunteer-reflections\/simone-hanchet-canada-2009-present\/\" rel=\"nofollow\"><span class=\"sr-only\">En savoir plus surSimone Hanchet (Canada, 2009-aujourd&rsquo;hui)<\/span>[&hellip;]<\/a><\/p>\n","protected":false},"author":6,"featured_media":0,"parent":513,"menu_order":0,"comment_status":"closed","ping_status":"closed","template":"","meta":{"_monsterinsights_skip_tracking":false,"_monsterinsights_sitenote_active":false,"_monsterinsights_sitenote_note":"","_monsterinsights_sitenote_category":0,"footnotes":""},"class_list":["post-571","page","type-page","status-publish","hentry"],"translation":{"provider":"WPGlobus","version":"3.0.0","language":"fr","enabled_languages":["en","fr","rw"],"languages":{"en":{"title":true,"content":true,"excerpt":false},"fr":{"title":true,"content":true,"excerpt":false},"rw":{"title":false,"content":false,"excerpt":false}}},"aioseo_notices":[],"_links":{"self":[{"href":"http:\/\/rwandanwomencan.org\/fr\/wp-json\/wp\/v2\/pages\/571","targetHints":{"allow":["GET"]}}],"collection":[{"href":"http:\/\/rwandanwomencan.org\/fr\/wp-json\/wp\/v2\/pages"}],"about":[{"href":"http:\/\/rwandanwomencan.org\/fr\/wp-json\/wp\/v2\/types\/page"}],"author":[{"embeddable":true,"href":"http:\/\/rwandanwomencan.org\/fr\/wp-json\/wp\/v2\/users\/6"}],"replies":[{"embeddable":true,"href":"http:\/\/rwandanwomencan.org\/fr\/wp-json\/wp\/v2\/comments?post=571"}],"version-history":[{"count":7,"href":"http:\/\/rwandanwomencan.org\/fr\/wp-json\/wp\/v2\/pages\/571\/revisions"}],"predecessor-version":[{"id":766,"href":"http:\/\/rwandanwomencan.org\/fr\/wp-json\/wp\/v2\/pages\/571\/revisions\/766"}],"up":[{"embeddable":true,"href":"http:\/\/rwandanwomencan.org\/fr\/wp-json\/wp\/v2\/pages\/513"}],"wp:attachment":[{"href":"http:\/\/rwandanwomencan.org\/fr\/wp-json\/wp\/v2\/media?parent=571"}],"curies":[{"name":"wp","href":"https:\/\/api.w.org\/{rel}","templated":true}]}}