{"id":60,"date":"2017-02-20T18:21:24","date_gmt":"2017-02-20T18:21:24","guid":{"rendered":"http:\/\/rwandanwomencan.org\/?page_id=60"},"modified":"2018-02-26T13:07:53","modified_gmt":"2018-02-26T13:07:53","slug":"support-tubahumurize","status":"publish","type":"page","link":"http:\/\/rwandanwomencan.org\/fr\/support-tubahumurize\/","title":{"rendered":"Contribuer \u00e0 Tubahumurize"},"content":{"rendered":"<p>Nous sommes une association non-gouvernementale travaillant pour l&rsquo;\u00e9mancipation des femmes. Toute forme de soutien est la bienvenue.<\/p>\n<p><a href=\"http:\/\/rwandanwomencan.org\/fr\/support-tubahumurize\/donate\/\">Faire un don<\/a><\/p>\n<p><a href=\"http:\/\/rwandanwomencan.org\/fr\/support-tubahumurize\/womens-shelter-fund\/\">Women&rsquo;s Shelter Fund<\/a><\/p>\n<p><a href=\"http:\/\/rwandanwomencan.org\/fr\/support-tubahumurize\/volunteer\/\">B\u00e9n\u00e9volat<\/a><\/p>\n","protected":false},"excerpt":{"rendered":"<p>Nous sommes une association non-gouvernementale travaillant pour l&rsquo;\u00e9mancipation des femmes. Toute forme de soutien est la bienvenue. Faire un don Women&rsquo;s Shelter Fund B\u00e9n\u00e9volat<\/p>\n","protected":false},"author":1,"featured_media":0,"parent":0,"menu_order":0,"comment_status":"closed","ping_status":"closed","template":"","meta":{"_monsterinsights_skip_tracking":false,"_monsterinsights_sitenote_active":false,"_monsterinsights_sitenote_note":"","_monsterinsights_sitenote_category":0,"footnotes":""},"class_list":["post-60","page","type-page","status-publish","hentry"],"translation":{"provider":"WPGlobus","version":"3.0.0","language":"fr","enabled_languages":["en","fr","rw"],"languages":{"en":{"title":true,"content":true,"excerpt":false},"fr":{"title":true,"content":true,"excerpt":false},"rw":{"title":true,"content":false,"excerpt":false}}},"aioseo_notices":[],"_links":{"self":[{"href":"http:\/\/rwandanwomencan.org\/fr\/wp-json\/wp\/v2\/pages\/60","targetHints":{"allow":["GET"]}}],"collection":[{"href":"http:\/\/rwandanwomencan.org\/fr\/wp-json\/wp\/v2\/pages"}],"about":[{"href":"http:\/\/rwandanwomencan.org\/fr\/wp-json\/wp\/v2\/types\/page"}],"author":[{"embeddable":true,"href":"http:\/\/rwandanwomencan.org\/fr\/wp-json\/wp\/v2\/users\/1"}],"replies":[{"embeddable":true,"href":"http:\/\/rwandanwomencan.org\/fr\/wp-json\/wp\/v2\/comments?post=60"}],"version-history":[{"count":7,"href":"http:\/\/rwandanwomencan.org\/fr\/wp-json\/wp\/v2\/pages\/60\/revisions"}],"predecessor-version":[{"id":742,"href":"http:\/\/rwandanwomencan.org\/fr\/wp-json\/wp\/v2\/pages\/60\/revisions\/742"}],"wp:attachment":[{"href":"http:\/\/rwandanwomencan.org\/fr\/wp-json\/wp\/v2\/media?parent=60"}],"curies":[{"name":"wp","href":"https:\/\/api.w.org\/{rel}","templated":true}]}}