{"id":63,"date":"2017-02-20T18:21:56","date_gmt":"2017-02-20T18:21:56","guid":{"rendered":"http:\/\/rwandanwomencan.org\/?page_id=63"},"modified":"2017-11-22T20:23:48","modified_gmt":"2017-11-22T20:23:48","slug":"volunteer","status":"publish","type":"page","link":"http:\/\/rwandanwomencan.org\/fr\/support-tubahumurize\/volunteer\/","title":{"rendered":"B\u00e9n\u00e9volat"},"content":{"rendered":"<p><strong>Tubahumurize Association est profond\u00e9ment reconnaissant\u00a0<\/strong>aux <a href=\"http:\/\/rwandanwomencan.org\/our-supporters\/index.html\">b\u00e9n\u00e9voles autour du monde<\/a> qui nous aident a r\u00e9aliser notre mission.<\/p>\n<p>Tubahumurize\u00a0accueille aussi r\u00e9guli\u00e8rement une b\u00e9n\u00e9vole \u00e0 l&rsquo;Association. \u00c0 partir de notre centre \u00e0 Kigali, celle-ci aide avec un grand \u00e9ventail de taches, y compris du travail administratif et du travail sur le terrain. Veuillez consulter notre <a href=\"http:\/\/rwandanwomencan.org\/news\/volunteer\/index.html\">demande de b\u00e9n\u00e9volat<\/a> pour apprendre ce que nous recherchons en ce moment et pour apprendre comment postuler.<\/p>\n<p>Veuillez consulter les sections\u00a0\u00a0<a href=\"http:\/\/rwandanwomencan.org\/sample-page\/volunteer-reflections\/\">Volunteer Reflections<\/a> et\u00a0<a href=\"http:\/\/rwandanwomencan.org\/sample-page\/field-notes\/\">Field Notes<\/a>\u00a0(en anglais seulement) pour lire sur les experiences de nos b\u00e9n\u00e9voles dans leurs propres mots.<\/p>\n<p>&nbsp;<\/p>\n","protected":false},"excerpt":{"rendered":"<p>Tubahumurize Association est profond\u00e9ment reconnaissant\u00a0aux b\u00e9n\u00e9voles autour du monde qui nous aident a r\u00e9aliser notre mission. Tubahumurize\u00a0accueille aussi r\u00e9guli\u00e8rement une b\u00e9n\u00e9vole \u00e0 l&rsquo;Association. \u00c0 partir de notre centre \u00e0 Kigali, celle-ci aide avec un grand \u00e9ventail de taches, y compris du travail administratif et du travail sur le terrain. Veuillez consulter notre demande de b\u00e9n\u00e9volat <a href=\"http:\/\/rwandanwomencan.org\/fr\/support-tubahumurize\/volunteer\/\" rel=\"nofollow\"><span class=\"sr-only\">En savoir plus surB\u00e9n\u00e9volat<\/span>[&hellip;]<\/a><\/p>\n","protected":false},"author":1,"featured_media":0,"parent":60,"menu_order":0,"comment_status":"closed","ping_status":"closed","template":"","meta":{"_monsterinsights_skip_tracking":false,"_monsterinsights_sitenote_active":false,"_monsterinsights_sitenote_note":"","_monsterinsights_sitenote_category":0,"footnotes":""},"class_list":["post-63","page","type-page","status-publish","hentry"],"translation":{"provider":"WPGlobus","version":"3.0.0","language":"fr","enabled_languages":["en","fr","rw"],"languages":{"en":{"title":true,"content":true,"excerpt":false},"fr":{"title":true,"content":true,"excerpt":false},"rw":{"title":true,"content":true,"excerpt":false}}},"aioseo_notices":[],"_links":{"self":[{"href":"http:\/\/rwandanwomencan.org\/fr\/wp-json\/wp\/v2\/pages\/63","targetHints":{"allow":["GET"]}}],"collection":[{"href":"http:\/\/rwandanwomencan.org\/fr\/wp-json\/wp\/v2\/pages"}],"about":[{"href":"http:\/\/rwandanwomencan.org\/fr\/wp-json\/wp\/v2\/types\/page"}],"author":[{"embeddable":true,"href":"http:\/\/rwandanwomencan.org\/fr\/wp-json\/wp\/v2\/users\/1"}],"replies":[{"embeddable":true,"href":"http:\/\/rwandanwomencan.org\/fr\/wp-json\/wp\/v2\/comments?post=63"}],"version-history":[{"count":16,"href":"http:\/\/rwandanwomencan.org\/fr\/wp-json\/wp\/v2\/pages\/63\/revisions"}],"predecessor-version":[{"id":645,"href":"http:\/\/rwandanwomencan.org\/fr\/wp-json\/wp\/v2\/pages\/63\/revisions\/645"}],"up":[{"embeddable":true,"href":"http:\/\/rwandanwomencan.org\/fr\/wp-json\/wp\/v2\/pages\/60"}],"wp:attachment":[{"href":"http:\/\/rwandanwomencan.org\/fr\/wp-json\/wp\/v2\/media?parent=63"}],"curies":[{"name":"wp","href":"https:\/\/api.w.org\/{rel}","templated":true}]}}