{"id":69,"date":"2017-02-20T18:24:46","date_gmt":"2017-02-20T18:24:46","guid":{"rendered":"http:\/\/rwandanwomencan.org\/?page_id=69"},"modified":"2018-12-13T22:46:19","modified_gmt":"2018-12-13T22:46:19","slug":"contact-us","status":"publish","type":"page","link":"http:\/\/rwandanwomencan.org\/fr\/contact-us\/","title":{"rendered":"Contactez nous"},"content":{"rendered":"<p><strong>l&rsquo;Association Tubahumurize (Tubahumurize Association)<\/strong><br \/>\nKK 18 AV 51<br \/>\nB.P. 687<br \/>\nKigali, Rwanda<\/p>\n<p><strong>Par couriel:<\/strong><\/p>\n<p>Couriel g\u00e9n\u00e9ral: <a href=\"mailto:tubahumurize@yahoo.fr\">tubahumurize(a)yahoo.fr<br \/>\n<\/a>Pour le b\u00e9n\u00e9volat: <a href=\"mailto:tubahumurize.canada@gmail.com\">tubahumurize.canada(a)gmail.com<\/a><span id=\"_marker\">\u00a0<\/span><\/p>\n<p><strong>Par t\u00e9l\u00e9phone:<\/strong><\/p>\n<p><strong>Jeanne Mwiliriza<\/strong>,\u00a0Directrice Ex\u00e9cutive<br \/>\nTel: +25-(0)788-520874<\/p>\n<p><strong>Shema Butera<\/strong>, Directeur d&rsquo;Operations<br \/>\nTel: +25-(0)788-428580<\/p>\n","protected":false},"excerpt":{"rendered":"<p>l&rsquo;Association Tubahumurize (Tubahumurize Association) KK 18 AV 51 B.P. 687 Kigali, Rwanda Par couriel: Couriel g\u00e9n\u00e9ral: tubahumurize(a)yahoo.fr Pour le b\u00e9n\u00e9volat: tubahumurize.canada(a)gmail.com\u00a0 Par t\u00e9l\u00e9phone: Jeanne Mwiliriza,\u00a0Directrice Ex\u00e9cutive Tel: +25-(0)788-520874 Shema Butera, Directeur d&rsquo;Operations Tel: +25-(0)788-428580<\/p>\n","protected":false},"author":1,"featured_media":0,"parent":0,"menu_order":0,"comment_status":"closed","ping_status":"closed","template":"","meta":{"_monsterinsights_skip_tracking":false,"_monsterinsights_sitenote_active":false,"_monsterinsights_sitenote_note":"","_monsterinsights_sitenote_category":0,"footnotes":""},"class_list":["post-69","page","type-page","status-publish","hentry"],"translation":{"provider":"WPGlobus","version":"3.0.0","language":"fr","enabled_languages":["en","fr","rw"],"languages":{"en":{"title":true,"content":true,"excerpt":false},"fr":{"title":true,"content":true,"excerpt":false},"rw":{"title":true,"content":true,"excerpt":false}}},"aioseo_notices":[],"_links":{"self":[{"href":"http:\/\/rwandanwomencan.org\/fr\/wp-json\/wp\/v2\/pages\/69","targetHints":{"allow":["GET"]}}],"collection":[{"href":"http:\/\/rwandanwomencan.org\/fr\/wp-json\/wp\/v2\/pages"}],"about":[{"href":"http:\/\/rwandanwomencan.org\/fr\/wp-json\/wp\/v2\/types\/page"}],"author":[{"embeddable":true,"href":"http:\/\/rwandanwomencan.org\/fr\/wp-json\/wp\/v2\/users\/1"}],"replies":[{"embeddable":true,"href":"http:\/\/rwandanwomencan.org\/fr\/wp-json\/wp\/v2\/comments?post=69"}],"version-history":[{"count":20,"href":"http:\/\/rwandanwomencan.org\/fr\/wp-json\/wp\/v2\/pages\/69\/revisions"}],"predecessor-version":[{"id":1032,"href":"http:\/\/rwandanwomencan.org\/fr\/wp-json\/wp\/v2\/pages\/69\/revisions\/1032"}],"wp:attachment":[{"href":"http:\/\/rwandanwomencan.org\/fr\/wp-json\/wp\/v2\/media?parent=69"}],"curies":[{"name":"wp","href":"https:\/\/api.w.org\/{rel}","templated":true}]}}