{"id":826,"date":"2018-03-05T09:48:00","date_gmt":"2018-03-05T09:48:00","guid":{"rendered":"http:\/\/rwandanwomencan.org\/?page_id=826"},"modified":"2018-03-05T09:50:04","modified_gmt":"2018-03-05T09:50:04","slug":"upcoming-events","status":"publish","type":"page","link":"http:\/\/rwandanwomencan.org\/fr\/sample-page\/events\/upcoming-events\/","title":{"rendered":"Ev\u00e9nements \u00e0 venir"},"content":{"rendered":"<h1>10\u00e8me \u00e9dition du Kigali Farmers&rsquo; and Artisans&rsquo; Market !<\/h1>\n<p><img loading=\"lazy\" decoding=\"async\" class=\"alignleft size-medium wp-image-827\" src=\"http:\/\/rwandanwomencan.org\/wp-content\/uploads\/2018\/03\/IMG_20180305_110152-300x225.jpg\" alt=\"\" width=\"300\" height=\"225\" srcset=\"http:\/\/rwandanwomencan.org\/wp-content\/uploads\/2018\/03\/IMG_20180305_110152-300x225.jpg 300w, http:\/\/rwandanwomencan.org\/wp-content\/uploads\/2018\/03\/IMG_20180305_110152-768x576.jpg 768w, http:\/\/rwandanwomencan.org\/wp-content\/uploads\/2018\/03\/IMG_20180305_110152-1024x768.jpg 1024w, http:\/\/rwandanwomencan.org\/wp-content\/uploads\/2018\/03\/IMG_20180305_110152-285x214.jpg 285w\" sizes=\"auto, (max-width: 300px) 100vw, 300px\" \/>Rendez-vous le 31 mars pour la 10\u00e8me \u00e9dition du march\u00e9! Venez jeter un oeil \u00e0 des produits \u00ab\u00a0Made in Rwanda\u00a0\u00bb et soutenir la production locale !<\/p>\n<p>Nous vendrons de nouveaux produits et les b\u00e9n\u00e9fices des ventes nous permettront d&rsquo;offrir plus d&rsquo;opportunit\u00e9s et de soutien aux femmes et \u00e0 nos b\u00e9n\u00e9ficiaires. N&rsquo;h\u00e9sitez pas \u00e0 venir \u00e9changer sur nos actions et venez poser vos questions!<\/p>\n<p>Nous sommes impatients de vous rencontrer!<\/p>\n<p>Pour plus d&rsquo;informations, rendez-vous sur notre page instagram @rwandanwomencan<\/p>\n<p>&nbsp;<\/p>\n<p>&nbsp;<\/p>\n<h1>Joyeuse Journ\u00e9e des Femmes!<\/h1>\n<p><img loading=\"lazy\" decoding=\"async\" class=\"alignleft size-medium wp-image-830\" src=\"http:\/\/rwandanwomencan.org\/wp-content\/uploads\/2018\/03\/IMG_20180227_1443431-300x225.jpg\" alt=\"\" width=\"300\" height=\"225\" srcset=\"http:\/\/rwandanwomencan.org\/wp-content\/uploads\/2018\/03\/IMG_20180227_1443431-300x225.jpg 300w, http:\/\/rwandanwomencan.org\/wp-content\/uploads\/2018\/03\/IMG_20180227_1443431-768x576.jpg 768w, http:\/\/rwandanwomencan.org\/wp-content\/uploads\/2018\/03\/IMG_20180227_1443431-1024x768.jpg 1024w, http:\/\/rwandanwomencan.org\/wp-content\/uploads\/2018\/03\/IMG_20180227_1443431-285x214.jpg 285w\" sizes=\"auto, (max-width: 300px) 100vw, 300px\" \/>N&rsquo;h\u00e9sitez plus, pour c\u00e9l\u00e9brer l&rsquo;entreprenariat f\u00e9minin et les droits des femmes, venez visiter notre boutique et rencontrer nos artistes!<\/p>\n<p>Nous vous attendons le 8 mars, KK 18 AV 51 Kabeza \u00e0 Kigali!<\/p>\n<p>Pour plus d&rsquo;informations, rendez-vous sur notre page instagram @rwandanwomencan<\/p>\n<p>&nbsp;<\/p>\n","protected":false},"excerpt":{"rendered":"<p>10\u00e8me \u00e9dition du Kigali Farmers&rsquo; and Artisans&rsquo; Market ! Rendez-vous le 31 mars pour la 10\u00e8me \u00e9dition du march\u00e9! Venez jeter un oeil \u00e0 des produits \u00ab\u00a0Made in Rwanda\u00a0\u00bb et soutenir la production locale ! Nous vendrons de nouveaux produits et les b\u00e9n\u00e9fices des ventes nous permettront d&rsquo;offrir plus d&rsquo;opportunit\u00e9s et de soutien aux femmes <a href=\"http:\/\/rwandanwomencan.org\/fr\/sample-page\/events\/upcoming-events\/\" rel=\"nofollow\"><span class=\"sr-only\">En savoir plus surEv\u00e9nements \u00e0 venir<\/span>[&hellip;]<\/a><\/p>\n","protected":false},"author":6,"featured_media":0,"parent":822,"menu_order":0,"comment_status":"closed","ping_status":"closed","template":"","meta":{"_monsterinsights_skip_tracking":false,"_monsterinsights_sitenote_active":false,"_monsterinsights_sitenote_note":"","_monsterinsights_sitenote_category":0,"footnotes":""},"class_list":["post-826","page","type-page","status-publish","hentry"],"translation":{"provider":"WPGlobus","version":"3.0.0","language":"fr","enabled_languages":["en","fr","rw"],"languages":{"en":{"title":true,"content":true,"excerpt":false},"fr":{"title":true,"content":true,"excerpt":false},"rw":{"title":false,"content":false,"excerpt":false}}},"aioseo_notices":[],"_links":{"self":[{"href":"http:\/\/rwandanwomencan.org\/fr\/wp-json\/wp\/v2\/pages\/826","targetHints":{"allow":["GET"]}}],"collection":[{"href":"http:\/\/rwandanwomencan.org\/fr\/wp-json\/wp\/v2\/pages"}],"about":[{"href":"http:\/\/rwandanwomencan.org\/fr\/wp-json\/wp\/v2\/types\/page"}],"author":[{"embeddable":true,"href":"http:\/\/rwandanwomencan.org\/fr\/wp-json\/wp\/v2\/users\/6"}],"replies":[{"embeddable":true,"href":"http:\/\/rwandanwomencan.org\/fr\/wp-json\/wp\/v2\/comments?post=826"}],"version-history":[{"count":3,"href":"http:\/\/rwandanwomencan.org\/fr\/wp-json\/wp\/v2\/pages\/826\/revisions"}],"predecessor-version":[{"id":983,"href":"http:\/\/rwandanwomencan.org\/fr\/wp-json\/wp\/v2\/pages\/826\/revisions\/983"}],"up":[{"embeddable":true,"href":"http:\/\/rwandanwomencan.org\/fr\/wp-json\/wp\/v2\/pages\/822"}],"wp:attachment":[{"href":"http:\/\/rwandanwomencan.org\/fr\/wp-json\/wp\/v2\/media?parent=826"}],"curies":[{"name":"wp","href":"https:\/\/api.w.org\/{rel}","templated":true}]}}