{"id":845,"date":"2018-03-05T11:01:43","date_gmt":"2018-03-05T11:01:43","guid":{"rendered":"http:\/\/rwandanwomencan.org\/?page_id=845"},"modified":"2018-03-05T11:47:05","modified_gmt":"2018-03-05T11:47:05","slug":"projects","status":"publish","type":"page","link":"http:\/\/rwandanwomencan.org\/fr\/projects\/","title":{"rendered":"Projets"},"content":{"rendered":"<p>Ici \u00e0 Tubahumurize, nous avons une grande vari\u00e9t\u00e9 d&rsquo;\u00e9v\u00e9nements. Entre notre \u00e9cole de couture et l&rsquo;immense production de notre coop\u00e9rative, nous travaillons dur pour offrir \u00e0 nos b\u00e9n\u00e9ficiaires de nouvelles opportunit\u00e9s ainsi qu&rsquo;un soutien personnalis\u00e9.<\/p>\n<p>Cependant, certains de leurs besoins ne sont pas encore satisfaits bien qu&rsquo;ils concernent le bien-\u00eatre physique et moral des femmes. Les femmes \u00e9conomiquement et socialement vuln\u00e9rables sont souvent les premi\u00e8res concern\u00e9es par ce manque de moyens premiers. Tubahumurize oeuvre pour inverser la tendance et offrir aux femmes une vie d\u00e9cente.<\/p>\n<p>Votre aide et votre soutien sont les bienvenus. Veuillez trouver ci-dessous quelques uns de nos projets:<\/p>\n<p>&#8211; <a href=\"http:\/\/rwandanwomencan.org\/fr\/projects\/reusable-sanitary-pads\/\">Protection menstruelles r\u00e9utilisables<\/a><\/p>\n<p>-Women&rsquo;s Shelter<\/p>\n<p>N&rsquo;h\u00e9sitez pas \u00e0 nous suivre sur instagram pour plus d&rsquo;informations: @rwandanwomencan<\/p>\n","protected":false},"excerpt":{"rendered":"<p>Ici \u00e0 Tubahumurize, nous avons une grande vari\u00e9t\u00e9 d&rsquo;\u00e9v\u00e9nements. Entre notre \u00e9cole de couture et l&rsquo;immense production de notre coop\u00e9rative, nous travaillons dur pour offrir \u00e0 nos b\u00e9n\u00e9ficiaires de nouvelles opportunit\u00e9s ainsi qu&rsquo;un soutien personnalis\u00e9. Cependant, certains de leurs besoins ne sont pas encore satisfaits bien qu&rsquo;ils concernent le bien-\u00eatre physique et moral des femmes. <a href=\"http:\/\/rwandanwomencan.org\/fr\/projects\/\" rel=\"nofollow\"><span class=\"sr-only\">En savoir plus surProjets<\/span>[&hellip;]<\/a><\/p>\n","protected":false},"author":6,"featured_media":0,"parent":0,"menu_order":0,"comment_status":"closed","ping_status":"closed","template":"","meta":{"_monsterinsights_skip_tracking":false,"_monsterinsights_sitenote_active":false,"_monsterinsights_sitenote_note":"","_monsterinsights_sitenote_category":0,"footnotes":""},"class_list":["post-845","page","type-page","status-publish","hentry"],"translation":{"provider":"WPGlobus","version":"3.0.0","language":"fr","enabled_languages":["en","fr","rw"],"languages":{"en":{"title":true,"content":true,"excerpt":false},"fr":{"title":true,"content":true,"excerpt":false},"rw":{"title":false,"content":false,"excerpt":false}}},"aioseo_notices":[],"_links":{"self":[{"href":"http:\/\/rwandanwomencan.org\/fr\/wp-json\/wp\/v2\/pages\/845","targetHints":{"allow":["GET"]}}],"collection":[{"href":"http:\/\/rwandanwomencan.org\/fr\/wp-json\/wp\/v2\/pages"}],"about":[{"href":"http:\/\/rwandanwomencan.org\/fr\/wp-json\/wp\/v2\/types\/page"}],"author":[{"embeddable":true,"href":"http:\/\/rwandanwomencan.org\/fr\/wp-json\/wp\/v2\/users\/6"}],"replies":[{"embeddable":true,"href":"http:\/\/rwandanwomencan.org\/fr\/wp-json\/wp\/v2\/comments?post=845"}],"version-history":[{"count":4,"href":"http:\/\/rwandanwomencan.org\/fr\/wp-json\/wp\/v2\/pages\/845\/revisions"}],"predecessor-version":[{"id":861,"href":"http:\/\/rwandanwomencan.org\/fr\/wp-json\/wp\/v2\/pages\/845\/revisions\/861"}],"wp:attachment":[{"href":"http:\/\/rwandanwomencan.org\/fr\/wp-json\/wp\/v2\/media?parent=845"}],"curies":[{"name":"wp","href":"https:\/\/api.w.org\/{rel}","templated":true}]}}