{"id":856,"date":"2018-03-05T11:25:08","date_gmt":"2018-03-05T11:25:08","guid":{"rendered":"http:\/\/rwandanwomencan.org\/?page_id=856"},"modified":"2018-03-05T11:30:54","modified_gmt":"2018-03-05T11:30:54","slug":"reusable-sanitary-pads","status":"publish","type":"page","link":"http:\/\/rwandanwomencan.org\/fr\/projects\/reusable-sanitary-pads\/","title":{"rendered":"Protection menstruelles r\u00e9utilisables"},"content":{"rendered":"<h4>D\u00e9passer les probl\u00e8mes li\u00e9s aux menstruations p\u00e9riodiques avec des protections r\u00e9utilisables<\/h4>\n<p>Notre projet de protections hygi\u00e9niques r\u00e9utilisables s&rsquo;inscrit dans un contexte o\u00f9 trop de femmes rwandaises ne peuvent pas se permettre d&rsquo;acheter mensuellement des protections jetables. La plupart d&rsquo;entre elles a recours \u00e0 des m\u00e9thodes peu hygi\u00e9niques, parfois douloureuses et d\u00e9plorent le fait qu&rsquo;elle n&rsquo;ait pas le choix. Pr\u00e8s de 20% des \u00e9coli\u00e8res manque environ 5 jours par mois par manque de moyens de protection. Ici, \u00e0 Tubahumurize, avec l&rsquo;aide de notre coop\u00e9rative de couture, entendons changer la vie de ces femmes et leurs permettre d&rsquo;avoir acc\u00e8s \u00e0 un type de protection sain, peu co\u00fbteux et durable.<\/p>\n<p>Plus d&rsquo;informations sur notre projet \u00e0 venir&#8230;<\/p>\n<p>En attendant, suivez-nous sur instagram: @rwandanwomencan<\/p>\n","protected":false},"excerpt":{"rendered":"<p>D\u00e9passer les probl\u00e8mes li\u00e9s aux menstruations p\u00e9riodiques avec des protections r\u00e9utilisables Notre projet de protections hygi\u00e9niques r\u00e9utilisables s&rsquo;inscrit dans un contexte o\u00f9 trop de femmes rwandaises ne peuvent pas se permettre d&rsquo;acheter mensuellement des protections jetables. La plupart d&rsquo;entre elles a recours \u00e0 des m\u00e9thodes peu hygi\u00e9niques, parfois douloureuses et d\u00e9plorent le fait qu&rsquo;elle n&rsquo;ait <a href=\"http:\/\/rwandanwomencan.org\/fr\/projects\/reusable-sanitary-pads\/\" rel=\"nofollow\"><span class=\"sr-only\">En savoir plus surProtection menstruelles r\u00e9utilisables<\/span>[&hellip;]<\/a><\/p>\n","protected":false},"author":6,"featured_media":0,"parent":845,"menu_order":0,"comment_status":"closed","ping_status":"closed","template":"","meta":{"_monsterinsights_skip_tracking":false,"_monsterinsights_sitenote_active":false,"_monsterinsights_sitenote_note":"","_monsterinsights_sitenote_category":0,"footnotes":""},"class_list":["post-856","page","type-page","status-publish","hentry"],"translation":{"provider":"WPGlobus","version":"3.0.0","language":"fr","enabled_languages":["en","fr","rw"],"languages":{"en":{"title":true,"content":true,"excerpt":false},"fr":{"title":true,"content":true,"excerpt":false},"rw":{"title":false,"content":false,"excerpt":false}}},"aioseo_notices":[],"_links":{"self":[{"href":"http:\/\/rwandanwomencan.org\/fr\/wp-json\/wp\/v2\/pages\/856","targetHints":{"allow":["GET"]}}],"collection":[{"href":"http:\/\/rwandanwomencan.org\/fr\/wp-json\/wp\/v2\/pages"}],"about":[{"href":"http:\/\/rwandanwomencan.org\/fr\/wp-json\/wp\/v2\/types\/page"}],"author":[{"embeddable":true,"href":"http:\/\/rwandanwomencan.org\/fr\/wp-json\/wp\/v2\/users\/6"}],"replies":[{"embeddable":true,"href":"http:\/\/rwandanwomencan.org\/fr\/wp-json\/wp\/v2\/comments?post=856"}],"version-history":[{"count":3,"href":"http:\/\/rwandanwomencan.org\/fr\/wp-json\/wp\/v2\/pages\/856\/revisions"}],"predecessor-version":[{"id":864,"href":"http:\/\/rwandanwomencan.org\/fr\/wp-json\/wp\/v2\/pages\/856\/revisions\/864"}],"up":[{"embeddable":true,"href":"http:\/\/rwandanwomencan.org\/fr\/wp-json\/wp\/v2\/pages\/845"}],"wp:attachment":[{"href":"http:\/\/rwandanwomencan.org\/fr\/wp-json\/wp\/v2\/media?parent=856"}],"curies":[{"name":"wp","href":"https:\/\/api.w.org\/{rel}","templated":true}]}}