{"id":881,"date":"2018-05-31T19:59:11","date_gmt":"2018-05-31T19:59:11","guid":{"rendered":"http:\/\/rwandanwomencan.org\/?page_id=881"},"modified":"2018-06-09T09:12:09","modified_gmt":"2018-06-09T09:12:09","slug":"come-visit-us","status":"publish","type":"page","link":"http:\/\/rwandanwomencan.org\/fr\/come-visit-us\/","title":{"rendered":"Rendez-vous visite au magasin!"},"content":{"rendered":"<p><strong>Rendez-nous visite<\/strong><\/p>\n<p>Vous-\u00eates les bienvenus au <a href=\"http:\/\/rwandanwomencan.org\/cooperative\/index.html\">magasin coop\u00e9ratif Tubahumurize<\/a>\u00a0pour acheter quelques uns de nos produits faits \u00e0 la main\u00a0et pour rencontrer les femmes extraordinaires qui les cr\u00e9ent.<\/p>\n<p><img loading=\"lazy\" decoding=\"async\" class=\"alignnone wp-image-921 \" src=\"http:\/\/rwandanwomencan.org\/wp-content\/uploads\/2018\/06\/How-to-find-us.jpg\" alt=\"\" width=\"688\" height=\"516\" srcset=\"http:\/\/rwandanwomencan.org\/wp-content\/uploads\/2018\/06\/How-to-find-us.jpg 960w, http:\/\/rwandanwomencan.org\/wp-content\/uploads\/2018\/06\/How-to-find-us-300x225.jpg 300w, http:\/\/rwandanwomencan.org\/wp-content\/uploads\/2018\/06\/How-to-find-us-768x576.jpg 768w, http:\/\/rwandanwomencan.org\/wp-content\/uploads\/2018\/06\/How-to-find-us-285x214.jpg 285w\" sizes=\"auto, (max-width: 688px) 100vw, 688px\" \/><\/p>\n<p>Du lundi au vendredi<br \/>\n8h00 \u00e0 17h00<br \/>\n(ou sur rendez-vous)<\/p>\n<p>Notre Association\u00a0se situe \u00e0 Kabeza, un quartier de Kigali \u00e0 deux pas de l&rsquo;a\u00e9roport. Nous sommes \u00e0 500 m\u00e8tres de Giporoso, \u00e0 cot\u00e9 du bar l\u2019Escalier et en face de la premi\u00e8re station d&rsquo;autobus. L&rsquo;adresse de notre b\u00e2timent est KK 18 Av 51.<\/p>\n<p><a title=\"Map to Tubahumurize\" href=\"https:\/\/wego.here.com\/directions\/mix\/\/Tubahumurize-Association,-KK-18-AV-51,-Kigali:e-eyJuYW1lIjoiVHViYWh1bXVyaXplIEFzc29jaWF0aW9uIiwiYWRkcmVzcyI6IktLIDE4IEFWIDUxLCBLaWdhbGksIFJ3YW5kYSIsImxhdGl0dWRlIjotMS45Njk1NTUwNDI1OTU4LCJsb25naXR1ZGUiOjMwLjEyMjAwMTE3MTExMiwicHJvdmlkZXJOYW1lIjoiZmFjZWJvb2siLCJwcm92aWRlcklkIjoxMTU2MDQ5NTU3NjN9?map=-1.96956,30.122,17,normal&amp;fb_locale=en_GB\" target=\"_blank\" rel=\"noopener noreferrer\">Voice une autre carte pour vous aider \u00e0 nous trouver<\/a>.<\/p>\n<p>En esp\u00e9rant bient\u00f4t vous rencontrer!<\/p>\n<p>&nbsp;<\/p>\n","protected":false},"excerpt":{"rendered":"<p>Rendez-nous visite Vous-\u00eates les bienvenus au magasin coop\u00e9ratif Tubahumurize\u00a0pour acheter quelques uns de nos produits faits \u00e0 la main\u00a0et pour rencontrer les femmes extraordinaires qui les cr\u00e9ent. Du lundi au vendredi 8h00 \u00e0 17h00 (ou sur rendez-vous) Notre Association\u00a0se situe \u00e0 Kabeza, un quartier de Kigali \u00e0 deux pas de l&rsquo;a\u00e9roport. Nous sommes \u00e0 500 <a href=\"http:\/\/rwandanwomencan.org\/fr\/come-visit-us\/\" rel=\"nofollow\"><span class=\"sr-only\">En savoir plus surRendez-vous visite au magasin!<\/span>[&hellip;]<\/a><\/p>\n","protected":false},"author":6,"featured_media":0,"parent":0,"menu_order":0,"comment_status":"closed","ping_status":"closed","template":"","meta":{"_monsterinsights_skip_tracking":false,"_monsterinsights_sitenote_active":false,"_monsterinsights_sitenote_note":"","_monsterinsights_sitenote_category":0,"footnotes":""},"class_list":["post-881","page","type-page","status-publish","hentry"],"translation":{"provider":"WPGlobus","version":"3.0.0","language":"fr","enabled_languages":["en","fr","rw"],"languages":{"en":{"title":true,"content":true,"excerpt":false},"fr":{"title":true,"content":true,"excerpt":false},"rw":{"title":true,"content":true,"excerpt":false}}},"aioseo_notices":[],"_links":{"self":[{"href":"http:\/\/rwandanwomencan.org\/fr\/wp-json\/wp\/v2\/pages\/881","targetHints":{"allow":["GET"]}}],"collection":[{"href":"http:\/\/rwandanwomencan.org\/fr\/wp-json\/wp\/v2\/pages"}],"about":[{"href":"http:\/\/rwandanwomencan.org\/fr\/wp-json\/wp\/v2\/types\/page"}],"author":[{"embeddable":true,"href":"http:\/\/rwandanwomencan.org\/fr\/wp-json\/wp\/v2\/users\/6"}],"replies":[{"embeddable":true,"href":"http:\/\/rwandanwomencan.org\/fr\/wp-json\/wp\/v2\/comments?post=881"}],"version-history":[{"count":11,"href":"http:\/\/rwandanwomencan.org\/fr\/wp-json\/wp\/v2\/pages\/881\/revisions"}],"predecessor-version":[{"id":971,"href":"http:\/\/rwandanwomencan.org\/fr\/wp-json\/wp\/v2\/pages\/881\/revisions\/971"}],"wp:attachment":[{"href":"http:\/\/rwandanwomencan.org\/fr\/wp-json\/wp\/v2\/media?parent=881"}],"curies":[{"name":"wp","href":"https:\/\/api.w.org\/{rel}","templated":true}]}}