{"id":926,"date":"2018-06-01T08:41:20","date_gmt":"2018-06-01T08:41:20","guid":{"rendered":"http:\/\/rwandanwomencan.org\/?page_id=926"},"modified":"2018-06-01T08:51:50","modified_gmt":"2018-06-01T08:51:50","slug":"our-shop","status":"publish","type":"page","link":"http:\/\/rwandanwomencan.org\/fr\/products\/our-shop\/","title":{"rendered":"Notre magasin"},"content":{"rendered":"<p>Notre magasin se situe \u00e0 Kabeza,<a href=\"http:\/\/rwandanwomencan.org\/fr\/come-visit-us\/\"> KK18 Avenue 51<\/a>, \u00e0 Kigali!<\/p>\n<p>Vous aurez l&rsquo;opportunit\u00e9 de <strong>rencontrer<\/strong> les couturi\u00e8res dans l&rsquo;atelier, <strong>porte \u00e0 c\u00f4t\u00e9<\/strong>, et de les voir travailler sur de nouveaux produits!<\/p>\n<div id=\"attachment_928\" style=\"width: 576px\" class=\"wp-caption alignnone\"><img loading=\"lazy\" decoding=\"async\" aria-describedby=\"caption-attachment-928\" class=\" wp-image-928\" src=\"http:\/\/rwandanwomencan.org\/wp-content\/uploads\/2018\/06\/Tubahumarize-2018-56.jpg\" alt=\"\" width=\"566\" height=\"377\" srcset=\"http:\/\/rwandanwomencan.org\/wp-content\/uploads\/2018\/06\/Tubahumarize-2018-56.jpg 4800w, http:\/\/rwandanwomencan.org\/wp-content\/uploads\/2018\/06\/Tubahumarize-2018-56-300x200.jpg 300w, http:\/\/rwandanwomencan.org\/wp-content\/uploads\/2018\/06\/Tubahumarize-2018-56-768x512.jpg 768w, http:\/\/rwandanwomencan.org\/wp-content\/uploads\/2018\/06\/Tubahumarize-2018-56-1024x683.jpg 1024w, http:\/\/rwandanwomencan.org\/wp-content\/uploads\/2018\/06\/Tubahumarize-2018-56-750x500.jpg 750w\" sizes=\"auto, (max-width: 566px) 100vw, 566px\" \/><p id=\"caption-attachment-928\" class=\"wp-caption-text\">Jeanne, la fondatrice de l&rsquo;association dans le magasin de Tubahumurize!<\/p><\/div>\n<div id=\"attachment_927\" style=\"width: 574px\" class=\"wp-caption alignleft\"><img loading=\"lazy\" decoding=\"async\" aria-describedby=\"caption-attachment-927\" class=\" wp-image-927\" src=\"http:\/\/rwandanwomencan.org\/wp-content\/uploads\/2018\/06\/Tubahumarize-2018-73.jpg\" alt=\"\" width=\"564\" height=\"376\" srcset=\"http:\/\/rwandanwomencan.org\/wp-content\/uploads\/2018\/06\/Tubahumarize-2018-73.jpg 4800w, http:\/\/rwandanwomencan.org\/wp-content\/uploads\/2018\/06\/Tubahumarize-2018-73-300x200.jpg 300w, http:\/\/rwandanwomencan.org\/wp-content\/uploads\/2018\/06\/Tubahumarize-2018-73-768x512.jpg 768w, http:\/\/rwandanwomencan.org\/wp-content\/uploads\/2018\/06\/Tubahumarize-2018-73-1024x683.jpg 1024w, http:\/\/rwandanwomencan.org\/wp-content\/uploads\/2018\/06\/Tubahumarize-2018-73-750x500.jpg 750w\" sizes=\"auto, (max-width: 564px) 100vw, 564px\" \/><p id=\"caption-attachment-927\" class=\"wp-caption-text\">Gis\u00e8le made your bad!<\/p><\/div>\n<p>&nbsp;<\/p>\n<p>Suivez-nous sur <span style=\"color: #008000;\"><strong><a style=\"color: #008000;\" href=\"https:\/\/www.instagram.com\/rwandanwomencan\/\" target=\"_blank\" rel=\"noopener\">instagram<\/a> <\/strong><\/span>pour plus de nouveaut\u00e9s et de contenu!<\/p>\n","protected":false},"excerpt":{"rendered":"<p>Notre magasin se situe \u00e0 Kabeza, KK18 Avenue 51, \u00e0 Kigali! Vous aurez l&rsquo;opportunit\u00e9 de rencontrer les couturi\u00e8res dans l&rsquo;atelier, porte \u00e0 c\u00f4t\u00e9, et de les voir travailler sur de nouveaux produits! &nbsp; Suivez-nous sur instagram pour plus de nouveaut\u00e9s et de contenu!<\/p>\n","protected":false},"author":1,"featured_media":0,"parent":55,"menu_order":3,"comment_status":"closed","ping_status":"closed","template":"","meta":{"_monsterinsights_skip_tracking":false,"_monsterinsights_sitenote_active":false,"_monsterinsights_sitenote_note":"","_monsterinsights_sitenote_category":0,"footnotes":""},"class_list":["post-926","page","type-page","status-publish","hentry"],"translation":{"provider":"WPGlobus","version":"3.0.0","language":"fr","enabled_languages":["en","fr","rw"],"languages":{"en":{"title":true,"content":true,"excerpt":false},"fr":{"title":true,"content":true,"excerpt":false},"rw":{"title":false,"content":false,"excerpt":false}}},"aioseo_notices":[],"_links":{"self":[{"href":"http:\/\/rwandanwomencan.org\/fr\/wp-json\/wp\/v2\/pages\/926","targetHints":{"allow":["GET"]}}],"collection":[{"href":"http:\/\/rwandanwomencan.org\/fr\/wp-json\/wp\/v2\/pages"}],"about":[{"href":"http:\/\/rwandanwomencan.org\/fr\/wp-json\/wp\/v2\/types\/page"}],"author":[{"embeddable":true,"href":"http:\/\/rwandanwomencan.org\/fr\/wp-json\/wp\/v2\/users\/1"}],"replies":[{"embeddable":true,"href":"http:\/\/rwandanwomencan.org\/fr\/wp-json\/wp\/v2\/comments?post=926"}],"version-history":[{"count":9,"href":"http:\/\/rwandanwomencan.org\/fr\/wp-json\/wp\/v2\/pages\/926\/revisions"}],"predecessor-version":[{"id":937,"href":"http:\/\/rwandanwomencan.org\/fr\/wp-json\/wp\/v2\/pages\/926\/revisions\/937"}],"up":[{"embeddable":true,"href":"http:\/\/rwandanwomencan.org\/fr\/wp-json\/wp\/v2\/pages\/55"}],"wp:attachment":[{"href":"http:\/\/rwandanwomencan.org\/fr\/wp-json\/wp\/v2\/media?parent=926"}],"curies":[{"name":"wp","href":"https:\/\/api.w.org\/{rel}","templated":true}]}}