{"id":959,"date":"2018-06-01T10:02:20","date_gmt":"2018-06-01T10:02:20","guid":{"rendered":"http:\/\/rwandanwomencan.org\/?page_id=959"},"modified":"2018-06-01T10:02:37","modified_gmt":"2018-06-01T10:02:37","slug":"thank-you","status":"publish","type":"page","link":"http:\/\/rwandanwomencan.org\/fr\/thank-you\/","title":{"rendered":"Merci !"},"content":{"rendered":"<p>L&rsquo;\u00e9quipe et les membres de Tubahumurize vous remercient chaleureusement!<\/p>\n<p>Ne ratez pas nos nouveaut\u00e9s, mises \u00e0 jour, projets et programmes, suivez-vous sur <a href=\"http:\/\/www.instagram.com\/rwandanwomencan\/\" target=\"_blank\" rel=\"noopener\">instagram<\/a>!<\/p>\n<p>Merci encore pour votre soutien!<\/p>\n<p><img loading=\"lazy\" decoding=\"async\" class=\"size-large wp-image-960\" src=\"http:\/\/rwandanwomencan.org\/wp-content\/uploads\/2018\/06\/Tubahumarize-2018-21-1024x683.jpg\" alt=\"\" width=\"640\" height=\"427\" srcset=\"http:\/\/rwandanwomencan.org\/wp-content\/uploads\/2018\/06\/Tubahumarize-2018-21-1024x683.jpg 1024w, http:\/\/rwandanwomencan.org\/wp-content\/uploads\/2018\/06\/Tubahumarize-2018-21-300x200.jpg 300w, http:\/\/rwandanwomencan.org\/wp-content\/uploads\/2018\/06\/Tubahumarize-2018-21-768x512.jpg 768w, http:\/\/rwandanwomencan.org\/wp-content\/uploads\/2018\/06\/Tubahumarize-2018-21-750x500.jpg 750w\" sizes=\"auto, (max-width: 640px) 100vw, 640px\" \/><\/p>\n","protected":false},"excerpt":{"rendered":"<p>L&rsquo;\u00e9quipe et les membres de Tubahumurize vous remercient chaleureusement! Ne ratez pas nos nouveaut\u00e9s, mises \u00e0 jour, projets et programmes, suivez-vous sur instagram! Merci encore pour votre soutien!<\/p>\n","protected":false},"author":6,"featured_media":0,"parent":0,"menu_order":0,"comment_status":"closed","ping_status":"closed","template":"","meta":{"_monsterinsights_skip_tracking":false,"_monsterinsights_sitenote_active":false,"_monsterinsights_sitenote_note":"","_monsterinsights_sitenote_category":0,"footnotes":""},"class_list":["post-959","page","type-page","status-publish","hentry"],"translation":{"provider":"WPGlobus","version":"3.0.0","language":"fr","enabled_languages":["en","fr","rw"],"languages":{"en":{"title":true,"content":true,"excerpt":false},"fr":{"title":true,"content":true,"excerpt":false},"rw":{"title":false,"content":false,"excerpt":false}}},"aioseo_notices":[],"_links":{"self":[{"href":"http:\/\/rwandanwomencan.org\/fr\/wp-json\/wp\/v2\/pages\/959","targetHints":{"allow":["GET"]}}],"collection":[{"href":"http:\/\/rwandanwomencan.org\/fr\/wp-json\/wp\/v2\/pages"}],"about":[{"href":"http:\/\/rwandanwomencan.org\/fr\/wp-json\/wp\/v2\/types\/page"}],"author":[{"embeddable":true,"href":"http:\/\/rwandanwomencan.org\/fr\/wp-json\/wp\/v2\/users\/6"}],"replies":[{"embeddable":true,"href":"http:\/\/rwandanwomencan.org\/fr\/wp-json\/wp\/v2\/comments?post=959"}],"version-history":[{"count":3,"href":"http:\/\/rwandanwomencan.org\/fr\/wp-json\/wp\/v2\/pages\/959\/revisions"}],"predecessor-version":[{"id":963,"href":"http:\/\/rwandanwomencan.org\/fr\/wp-json\/wp\/v2\/pages\/959\/revisions\/963"}],"wp:attachment":[{"href":"http:\/\/rwandanwomencan.org\/fr\/wp-json\/wp\/v2\/media?parent=959"}],"curies":[{"name":"wp","href":"https:\/\/api.w.org\/{rel}","templated":true}]}}