{"id":992,"date":"2018-08-01T20:25:52","date_gmt":"2018-08-01T20:25:52","guid":{"rendered":"http:\/\/rwandanwomencan.org\/?page_id=992"},"modified":"2018-08-01T21:40:52","modified_gmt":"2018-08-01T21:40:52","slug":"film-tubahumurize","status":"publish","type":"page","link":"http:\/\/rwandanwomencan.org\/fr\/film-tubahumurize\/","title":{"rendered":"Film Tubahumurize"},"content":{"rendered":"<p>Nous avons cr\u00e9\u00e9 ce court film pour c\u00e9l\u00e9brer la dixi\u00e8me anniversaire de notre partenariat avec le <a href=\"https:\/\/www.greengoldgarden.com\/\">jardin communautaire Green and Gold<\/a> \u00e0 l&rsquo;Universit\u00e9 de l&rsquo;Alberta au Canada.<\/p>\n<p><iframe loading=\"lazy\" src=\"https:\/\/www.youtube.com\/embed\/7Dge0IX7Mq0\" width=\"560\" height=\"315\" frameborder=\"0\" allowfullscreen=\"allowfullscreen\"><\/iframe><\/p>\n","protected":false},"excerpt":{"rendered":"<p>Nous avons cr\u00e9\u00e9 ce court film pour c\u00e9l\u00e9brer la dixi\u00e8me anniversaire de notre partenariat avec le jardin communautaire Green and Gold \u00e0 l&rsquo;Universit\u00e9 de l&rsquo;Alberta au Canada.<\/p>\n","protected":false},"author":6,"featured_media":0,"parent":0,"menu_order":0,"comment_status":"closed","ping_status":"closed","template":"","meta":{"_monsterinsights_skip_tracking":false,"_monsterinsights_sitenote_active":false,"_monsterinsights_sitenote_note":"","_monsterinsights_sitenote_category":0,"footnotes":""},"class_list":["post-992","page","type-page","status-publish","hentry"],"translation":{"provider":"WPGlobus","version":"3.0.0","language":"fr","enabled_languages":["en","fr","rw"],"languages":{"en":{"title":true,"content":true,"excerpt":false},"fr":{"title":true,"content":true,"excerpt":false},"rw":{"title":true,"content":true,"excerpt":false}}},"aioseo_notices":[],"_links":{"self":[{"href":"http:\/\/rwandanwomencan.org\/fr\/wp-json\/wp\/v2\/pages\/992","targetHints":{"allow":["GET"]}}],"collection":[{"href":"http:\/\/rwandanwomencan.org\/fr\/wp-json\/wp\/v2\/pages"}],"about":[{"href":"http:\/\/rwandanwomencan.org\/fr\/wp-json\/wp\/v2\/types\/page"}],"author":[{"embeddable":true,"href":"http:\/\/rwandanwomencan.org\/fr\/wp-json\/wp\/v2\/users\/6"}],"replies":[{"embeddable":true,"href":"http:\/\/rwandanwomencan.org\/fr\/wp-json\/wp\/v2\/comments?post=992"}],"version-history":[{"count":4,"href":"http:\/\/rwandanwomencan.org\/fr\/wp-json\/wp\/v2\/pages\/992\/revisions"}],"predecessor-version":[{"id":1019,"href":"http:\/\/rwandanwomencan.org\/fr\/wp-json\/wp\/v2\/pages\/992\/revisions\/1019"}],"wp:attachment":[{"href":"http:\/\/rwandanwomencan.org\/fr\/wp-json\/wp\/v2\/media?parent=992"}],"curies":[{"name":"wp","href":"https:\/\/api.w.org\/{rel}","templated":true}]}}